{"id":3581,"date":"2025-04-08T11:51:57","date_gmt":"2025-04-08T09:51:57","guid":{"rendered":"https:\/\/www.outils-oceans.com\/blog\/?page_id=3581"},"modified":"2025-06-24T15:33:20","modified_gmt":"2025-06-24T13:33:20","slug":"ensuring-the-companys-responsible-economic-development","status":"publish","type":"page","link":"https:\/\/www.outils-oceans.com\/blog\/en\/ensuring-the-companys-responsible-economic-development\/","title":{"rendered":"Ensuring the company\u2019s responsible economic development"},"content":{"rendered":"\n<div class=\"wp-block-media-text alignwide is-stacked-on-mobile is-style-shifted-background\" style=\"grid-template-columns:41% auto\"><figure class=\"wp-block-media-text__media\"><img loading=\"lazy\" decoding=\"async\" width=\"1024\" height=\"683\" src=\"https:\/\/www.outils-oceans.com\/blog\/app\/uploads\/2025\/04\/img_1542-1024x683.jpg\" alt=\"Img 1542\" class=\"wp-image-2482 size-full\" srcset=\"https:\/\/www.outils-oceans.com\/blog\/app\/uploads\/2025\/04\/img_1542-1024x683.jpg 1024w, https:\/\/www.outils-oceans.com\/blog\/app\/uploads\/2025\/04\/img_1542-300x200.jpg 300w, https:\/\/www.outils-oceans.com\/blog\/app\/uploads\/2025\/04\/img_1542-768x512.jpg 768w, https:\/\/www.outils-oceans.com\/blog\/app\/uploads\/2025\/04\/img_1542-1536x1024.jpg 1536w, https:\/\/www.outils-oceans.com\/blog\/app\/uploads\/2025\/04\/img_1542.jpg 1588w\" sizes=\"auto, (max-width: 1024px) 100vw, 1024px\" \/><\/figure><div class=\"wp-block-media-text__content\">\n<h2 class=\"wp-block-heading has-color-1-color has-text-color has-link-color has-h-4-font-size wp-elements-484226ec7d8c4d3315f3dd2aed5a883e\">Responsible production and pricing policy<\/h2>\n\n\n\n<p>We are committed to <strong><mark style=\"background-color:rgba(0, 0, 0, 0)\" class=\"has-inline-color has-color-1-color\">full transparency regarding our manufacturing processes<\/mark><\/strong> and pricing policy.<br>Clients are informed about product manufacturing conditions, product lifespan, optimal usage guidelines, and after-sales service terms.<br>Our pricing reflects not only actual costs, but also the resources involved and the expectations of our clients.<\/p>\n\n\n\n<p>Outils Oc\u00e9ans delivers<strong><mark style=\"background-color:rgba(0, 0, 0, 0)\" class=\"has-inline-color has-color-1-color\"> innovative, tailored, and comprehensive solutions<\/mark> <\/strong>aimed at improving productivity, quality, and safety.<br>These solutions generate added value\u2014both for our clients and for Outils Oc\u00e9ans.<\/p>\n\n\n\n<p><strong><mark style=\"background-color:rgba(0, 0, 0, 0)\" class=\"has-inline-color has-color-1-color\">A portion of this added value can be reinvested into sustainable development initiatives.<\/mark><\/strong><\/p>\n<\/div><\/div>\n\n\n\n<div class=\"wp-block-media-text alignwide has-media-on-the-right is-stacked-on-mobile is-style-shifted-background\" style=\"grid-template-columns:auto 41%\"><div class=\"wp-block-media-text__content\">\n<h2 class=\"wp-block-heading has-color-1-color has-text-color has-link-color has-h-4-font-size wp-elements-987b44203a531db25e55ff269e67aedc\">Client Partnership<\/h2>\n\n\n\n<p>Our approach begins with<strong><mark style=\"background-color:rgba(0, 0, 0, 0)\" class=\"has-inline-color has-color-1-color\"> diagnosis and expert advice<\/mark><\/strong>, followed by a focus on working methods\u2014before proposing any solutions or equipment.<\/p>\n\n\n\n<p>Each client benefits from a <strong><mark style=\"background-color:rgba(0, 0, 0, 0)\" class=\"has-inline-color has-color-1-color\">dedicated point of contact<\/mark><\/strong> : a knowledgeable, accessible, and attentive professional.<\/p>\n\n\n\n<p>Outils Oc\u00e9ans is committed <strong><mark style=\"background-color:rgba(0, 0, 0, 0)\" class=\"has-inline-color has-color-1-color\">to honoring its promises <\/mark><\/strong>to clients\u2014both contractual and ethical.<\/p>\n<\/div><figure class=\"wp-block-media-text__media\"><img loading=\"lazy\" decoding=\"async\" width=\"1024\" height=\"683\" src=\"https:\/\/www.outils-oceans.com\/blog\/app\/uploads\/2025\/04\/img_3086-1024x683.jpg\" alt=\"Img 3086\" class=\"wp-image-2486 size-full\" srcset=\"https:\/\/www.outils-oceans.com\/blog\/app\/uploads\/2025\/04\/img_3086-1024x683.jpg 1024w, https:\/\/www.outils-oceans.com\/blog\/app\/uploads\/2025\/04\/img_3086-300x200.jpg 300w, https:\/\/www.outils-oceans.com\/blog\/app\/uploads\/2025\/04\/img_3086-768x512.jpg 768w, https:\/\/www.outils-oceans.com\/blog\/app\/uploads\/2025\/04\/img_3086-1536x1024.jpg 1536w, https:\/\/www.outils-oceans.com\/blog\/app\/uploads\/2025\/04\/img_3086.jpg 1953w\" sizes=\"auto, (max-width: 1024px) 100vw, 1024px\" \/><\/figure><\/div>\n\n\n\n<div class=\"wp-block-media-text alignwide is-stacked-on-mobile is-style-shifted-background\" style=\"grid-template-columns:41% auto\"><figure class=\"wp-block-media-text__media\"><img loading=\"lazy\" decoding=\"async\" width=\"1024\" height=\"683\" src=\"https:\/\/www.outils-oceans.com\/blog\/app\/uploads\/2025\/04\/img_1021-1024x683.jpg\" alt=\"Img 1021\" class=\"wp-image-1848 size-full\" srcset=\"https:\/\/www.outils-oceans.com\/blog\/app\/uploads\/2025\/04\/img_1021-1024x683.jpg 1024w, https:\/\/www.outils-oceans.com\/blog\/app\/uploads\/2025\/04\/img_1021-300x200.jpg 300w, https:\/\/www.outils-oceans.com\/blog\/app\/uploads\/2025\/04\/img_1021-768x512.jpg 768w, https:\/\/www.outils-oceans.com\/blog\/app\/uploads\/2025\/04\/img_1021-1536x1024.jpg 1536w, https:\/\/www.outils-oceans.com\/blog\/app\/uploads\/2025\/04\/img_1021-2048x1365.jpg 2048w\" sizes=\"auto, (max-width: 1024px) 100vw, 1024px\" \/><\/figure><div class=\"wp-block-media-text__content\">\n<h2 class=\"wp-block-heading has-color-1-color has-text-color has-link-color has-h-4-font-size wp-elements-21672d968516fac0e8a0b08a6a92648a\">Responsible purchasing<\/h2>\n\n\n\n<p>Nous \u00e9tablissons des<strong><mark style=\"background-color:rgba(0, 0, 0, 0)\" class=\"has-inline-color has-color-1-color\"> relations durables avec nos fournisseurs<\/mark><\/strong> bas\u00e9es sur le respect mutuel, la transparence et la confiance. Nous choisissons des <strong><mark style=\"background-color:rgba(0, 0, 0, 0)\" class=\"has-inline-color has-color-1-color\">fournisseurs engag\u00e9s<\/mark><\/strong> dans la conformit\u00e9 aux normes environnementales et sociales.<\/p>\n\n\n\n<p>Nous travaillons en collaboration avec nos fournisseurs pour les cahiers des charges mati\u00e8res et produits.<\/p>\n\n\n\n<p>Nous contr\u00f4lons la conformit\u00e9 des produits ou prestations et assurons une tra\u00e7abilit\u00e9 des mati\u00e8res premi\u00e8res aux produits finis.<\/p>\n\n\n\n<p>We build<strong><mark style=\"background-color:rgba(0, 0, 0, 0)\" class=\"has-inline-color has-color-1-color\"> long-term relationships with our suppliers<\/mark><\/strong> based on mutual respect, transparency, and trust.<br>We select partners who are committed to complying with environmental and social standards.<\/p>\n\n\n\n<p>We work closely with our suppliers to define material and product specifications.<\/p>\n\n\n\n<p>We monitor compliance with product and service requirements and ensure full traceability\u2014from raw materials to finished products.<\/p>\n<\/div><\/div>\n","protected":false},"excerpt":{"rendered":"<p>Responsible production and pricing policy We are committed to full transparency regarding our manufacturing processes and pricing policy.Clients are informed about product manufacturing conditions, product lifespan, optimal usage guidelines, and after-sales service terms.Our pricing reflects not only actual costs, but also the resources involved and the expectations of our clients. Outils Oc\u00e9ans delivers innovative, tailored, [&hellip;]<\/p>\n","protected":false},"author":1,"featured_media":0,"parent":0,"menu_order":0,"comment_status":"closed","ping_status":"closed","template":"","meta":{"_acf_changed":false,"_job_offers_show_list":false,"_job_offers_list_title":"","_job_offers_list_description":"","footnotes":""},"class_list":["post-3581","page","type-page","status-publish","hentry"],"acf":[],"yoast_head":"<!-- This site is optimized with the Yoast SEO plugin v27.1.1 - https:\/\/yoast.com\/product\/yoast-seo-wordpress\/ -->\n<title>Ensuring the company\u2019s responsible economic development - Outils Oc\u00e9ans<\/title>\n<meta name=\"robots\" content=\"index, follow, max-snippet:-1, max-image-preview:large, max-video-preview:-1\" \/>\n<link rel=\"canonical\" href=\"https:\/\/www.outils-oceans.com\/blog\/en\/ensuring-the-companys-responsible-economic-development\/\" \/>\n<meta property=\"og:locale\" content=\"en_US\" \/>\n<meta property=\"og:type\" content=\"article\" \/>\n<meta property=\"og:title\" content=\"Ensuring the company\u2019s responsible economic development - Outils Oc\u00e9ans\" \/>\n<meta property=\"og:description\" content=\"Responsible production and pricing policy We are committed to full transparency regarding our manufacturing processes and pricing policy.Clients are informed about product manufacturing conditions, product lifespan, optimal usage guidelines, and after-sales service terms.Our pricing reflects not only actual costs, but also the resources involved and the expectations of our clients. Outils Oc\u00e9ans delivers innovative, tailored, [&hellip;]\" \/>\n<meta property=\"og:url\" content=\"https:\/\/www.outils-oceans.com\/blog\/en\/ensuring-the-companys-responsible-economic-development\/\" \/>\n<meta property=\"og:site_name\" content=\"Outils Oc\u00e9ans\" \/>\n<meta property=\"article:modified_time\" content=\"2025-06-24T13:33:20+00:00\" \/>\n<meta property=\"og:image\" content=\"https:\/\/www.outils-oceans.com\/blog\/app\/uploads\/2025\/04\/img_1542-1024x683.jpg\" \/>\n<meta name=\"twitter:card\" content=\"summary_large_image\" \/>\n<meta name=\"twitter:label1\" content=\"Est. reading time\" \/>\n\t<meta name=\"twitter:data1\" content=\"2 minutes\" \/>\n<script type=\"application\/ld+json\" class=\"yoast-schema-graph\">{\"@context\":\"https:\/\/schema.org\",\"@graph\":[{\"@type\":\"WebPage\",\"@id\":\"https:\/\/www.outils-oceans.com\/blog\/en\/ensuring-the-companys-responsible-economic-development\/\",\"url\":\"https:\/\/www.outils-oceans.com\/blog\/en\/ensuring-the-companys-responsible-economic-development\/\",\"name\":\"Ensuring the company\u2019s responsible economic development - Outils Oc\u00e9ans\",\"isPartOf\":{\"@id\":\"https:\/\/www.outils-oceans.com\/blog\/en\/#website\"},\"primaryImageOfPage\":{\"@id\":\"https:\/\/www.outils-oceans.com\/blog\/en\/ensuring-the-companys-responsible-economic-development\/#primaryimage\"},\"image\":{\"@id\":\"https:\/\/www.outils-oceans.com\/blog\/en\/ensuring-the-companys-responsible-economic-development\/#primaryimage\"},\"thumbnailUrl\":\"https:\/\/www.outils-oceans.com\/blog\/app\/uploads\/2025\/04\/img_1542-1024x683.jpg\",\"datePublished\":\"2025-04-08T09:51:57+00:00\",\"dateModified\":\"2025-06-24T13:33:20+00:00\",\"breadcrumb\":{\"@id\":\"https:\/\/www.outils-oceans.com\/blog\/en\/ensuring-the-companys-responsible-economic-development\/#breadcrumb\"},\"inLanguage\":\"en-US\",\"potentialAction\":[{\"@type\":\"ReadAction\",\"target\":[\"https:\/\/www.outils-oceans.com\/blog\/en\/ensuring-the-companys-responsible-economic-development\/\"]}]},{\"@type\":\"ImageObject\",\"inLanguage\":\"en-US\",\"@id\":\"https:\/\/www.outils-oceans.com\/blog\/en\/ensuring-the-companys-responsible-economic-development\/#primaryimage\",\"url\":\"https:\/\/www.outils-oceans.com\/blog\/app\/uploads\/2025\/04\/img_1542-1024x683.jpg\",\"contentUrl\":\"https:\/\/www.outils-oceans.com\/blog\/app\/uploads\/2025\/04\/img_1542-1024x683.jpg\"},{\"@type\":\"BreadcrumbList\",\"@id\":\"https:\/\/www.outils-oceans.com\/blog\/en\/ensuring-the-companys-responsible-economic-development\/#breadcrumb\",\"itemListElement\":[{\"@type\":\"ListItem\",\"position\":1,\"name\":\"Home\",\"item\":\"https:\/\/www.outils-oceans.com\/blog\/en\/\"},{\"@type\":\"ListItem\",\"position\":2,\"name\":\"Ensuring the company\u2019s responsible economic development\"}]},{\"@type\":\"WebSite\",\"@id\":\"https:\/\/www.outils-oceans.com\/blog\/en\/#website\",\"url\":\"https:\/\/www.outils-oceans.com\/blog\/en\/\",\"name\":\"Outils Oc\u00e9ans\",\"description\":\"\",\"potentialAction\":[{\"@type\":\"SearchAction\",\"target\":{\"@type\":\"EntryPoint\",\"urlTemplate\":\"https:\/\/www.outils-oceans.com\/blog\/en\/?s={search_term_string}\"},\"query-input\":{\"@type\":\"PropertyValueSpecification\",\"valueRequired\":true,\"valueName\":\"search_term_string\"}}],\"inLanguage\":\"en-US\"}]}<\/script>\n<!-- \/ Yoast SEO plugin. -->","yoast_head_json":{"title":"Ensuring the company\u2019s responsible economic development - Outils Oc\u00e9ans","robots":{"index":"index","follow":"follow","max-snippet":"max-snippet:-1","max-image-preview":"max-image-preview:large","max-video-preview":"max-video-preview:-1"},"canonical":"https:\/\/www.outils-oceans.com\/blog\/en\/ensuring-the-companys-responsible-economic-development\/","og_locale":"en_US","og_type":"article","og_title":"Ensuring the company\u2019s responsible economic development - Outils Oc\u00e9ans","og_description":"Responsible production and pricing policy We are committed to full transparency regarding our manufacturing processes and pricing policy.Clients are informed about product manufacturing conditions, product lifespan, optimal usage guidelines, and after-sales service terms.Our pricing reflects not only actual costs, but also the resources involved and the expectations of our clients. Outils Oc\u00e9ans delivers innovative, tailored, [&hellip;]","og_url":"https:\/\/www.outils-oceans.com\/blog\/en\/ensuring-the-companys-responsible-economic-development\/","og_site_name":"Outils Oc\u00e9ans","article_modified_time":"2025-06-24T13:33:20+00:00","og_image":[{"url":"https:\/\/www.outils-oceans.com\/blog\/app\/uploads\/2025\/04\/img_1542-1024x683.jpg","type":"","width":"","height":""}],"twitter_card":"summary_large_image","twitter_misc":{"Est. reading time":"2 minutes"},"schema":{"@context":"https:\/\/schema.org","@graph":[{"@type":"WebPage","@id":"https:\/\/www.outils-oceans.com\/blog\/en\/ensuring-the-companys-responsible-economic-development\/","url":"https:\/\/www.outils-oceans.com\/blog\/en\/ensuring-the-companys-responsible-economic-development\/","name":"Ensuring the company\u2019s responsible economic development - Outils Oc\u00e9ans","isPartOf":{"@id":"https:\/\/www.outils-oceans.com\/blog\/en\/#website"},"primaryImageOfPage":{"@id":"https:\/\/www.outils-oceans.com\/blog\/en\/ensuring-the-companys-responsible-economic-development\/#primaryimage"},"image":{"@id":"https:\/\/www.outils-oceans.com\/blog\/en\/ensuring-the-companys-responsible-economic-development\/#primaryimage"},"thumbnailUrl":"https:\/\/www.outils-oceans.com\/blog\/app\/uploads\/2025\/04\/img_1542-1024x683.jpg","datePublished":"2025-04-08T09:51:57+00:00","dateModified":"2025-06-24T13:33:20+00:00","breadcrumb":{"@id":"https:\/\/www.outils-oceans.com\/blog\/en\/ensuring-the-companys-responsible-economic-development\/#breadcrumb"},"inLanguage":"en-US","potentialAction":[{"@type":"ReadAction","target":["https:\/\/www.outils-oceans.com\/blog\/en\/ensuring-the-companys-responsible-economic-development\/"]}]},{"@type":"ImageObject","inLanguage":"en-US","@id":"https:\/\/www.outils-oceans.com\/blog\/en\/ensuring-the-companys-responsible-economic-development\/#primaryimage","url":"https:\/\/www.outils-oceans.com\/blog\/app\/uploads\/2025\/04\/img_1542-1024x683.jpg","contentUrl":"https:\/\/www.outils-oceans.com\/blog\/app\/uploads\/2025\/04\/img_1542-1024x683.jpg"},{"@type":"BreadcrumbList","@id":"https:\/\/www.outils-oceans.com\/blog\/en\/ensuring-the-companys-responsible-economic-development\/#breadcrumb","itemListElement":[{"@type":"ListItem","position":1,"name":"Home","item":"https:\/\/www.outils-oceans.com\/blog\/en\/"},{"@type":"ListItem","position":2,"name":"Ensuring the company\u2019s responsible economic development"}]},{"@type":"WebSite","@id":"https:\/\/www.outils-oceans.com\/blog\/en\/#website","url":"https:\/\/www.outils-oceans.com\/blog\/en\/","name":"Outils Oc\u00e9ans","description":"","potentialAction":[{"@type":"SearchAction","target":{"@type":"EntryPoint","urlTemplate":"https:\/\/www.outils-oceans.com\/blog\/en\/?s={search_term_string}"},"query-input":{"@type":"PropertyValueSpecification","valueRequired":true,"valueName":"search_term_string"}}],"inLanguage":"en-US"}]}},"_links":{"self":[{"href":"https:\/\/www.outils-oceans.com\/blog\/en\/wp-json\/wp\/v2\/pages\/3581","targetHints":{"allow":["GET"]}}],"collection":[{"href":"https:\/\/www.outils-oceans.com\/blog\/en\/wp-json\/wp\/v2\/pages"}],"about":[{"href":"https:\/\/www.outils-oceans.com\/blog\/en\/wp-json\/wp\/v2\/types\/page"}],"author":[{"embeddable":true,"href":"https:\/\/www.outils-oceans.com\/blog\/en\/wp-json\/wp\/v2\/users\/1"}],"replies":[{"embeddable":true,"href":"https:\/\/www.outils-oceans.com\/blog\/en\/wp-json\/wp\/v2\/comments?post=3581"}],"version-history":[{"count":3,"href":"https:\/\/www.outils-oceans.com\/blog\/en\/wp-json\/wp\/v2\/pages\/3581\/revisions"}],"predecessor-version":[{"id":3620,"href":"https:\/\/www.outils-oceans.com\/blog\/en\/wp-json\/wp\/v2\/pages\/3581\/revisions\/3620"}],"wp:attachment":[{"href":"https:\/\/www.outils-oceans.com\/blog\/en\/wp-json\/wp\/v2\/media?parent=3581"}],"curies":[{"name":"wp","href":"https:\/\/api.w.org\/{rel}","templated":true}]}}