{"id":3621,"date":"2025-04-08T15:01:31","date_gmt":"2025-04-08T13:01:31","guid":{"rendered":"https:\/\/www.outils-oceans.com\/blog\/?page_id=3621"},"modified":"2025-06-24T15:53:13","modified_gmt":"2025-06-24T13:53:13","slug":"actively-contributing-to-a-preserved-environment","status":"publish","type":"page","link":"https:\/\/www.outils-oceans.com\/blog\/en\/actively-contributing-to-a-preserved-environment\/","title":{"rendered":"Actively contributing to a preserved environment"},"content":{"rendered":"\n<h2 class=\"wp-block-heading has-text-align-center has-h-3-font-size\"><strong><mark style=\"background-color:rgba(0, 0, 0, 0)\" class=\"has-inline-color has-color-1-color\">Resource Management<\/mark><\/strong><\/h2>\n\n\n\n<p><strong><mark style=\"background-color:rgba(0, 0, 0, 0)\" class=\"has-inline-color has-color-1-color\">From the product design stage<\/mark><\/strong>, Outils Oc\u00e9ans considers the type and quantity of raw materials used, as well as their environmental impact.<br>Whenever possible, we prioritize materials that are low-polluting during production and recyclable at end of life.<\/p>\n\n\n\n<p>Outils Oc\u00e9ans implements <strong><mark style=\"background-color:rgba(0, 0, 0, 0)\" class=\"has-inline-color has-color-1-color\">measures to reduce <\/mark><\/strong>packaging and give a second life to certain packaging materials.<\/p>\n\n\n\n<p>We also <strong><mark style=\"background-color:rgba(0, 0, 0, 0)\" class=\"has-inline-color has-color-1-color\">raise employee awareness<\/mark><\/strong> about environmentally responsible practices, such as reducing material and energy consumption, sorting waste, and reusing paper.<\/p>\n\n\n\n<div class=\"wp-block-media-text alignwide is-stacked-on-mobile is-style-shifted-background\" style=\"grid-template-columns:41% auto\"><figure class=\"wp-block-media-text__media\"><img loading=\"lazy\" decoding=\"async\" width=\"1024\" height=\"682\" src=\"https:\/\/www.outils-oceans.com\/blog\/app\/uploads\/2025\/04\/img_1644-1024x682.jpg\" alt=\"Img 1644\" class=\"wp-image-2442 size-full\" srcset=\"https:\/\/www.outils-oceans.com\/blog\/app\/uploads\/2025\/04\/img_1644-1024x682.jpg 1024w, https:\/\/www.outils-oceans.com\/blog\/app\/uploads\/2025\/04\/img_1644-300x200.jpg 300w, https:\/\/www.outils-oceans.com\/blog\/app\/uploads\/2025\/04\/img_1644-768x512.jpg 768w, https:\/\/www.outils-oceans.com\/blog\/app\/uploads\/2025\/04\/img_1644-1536x1024.jpg 1536w, https:\/\/www.outils-oceans.com\/blog\/app\/uploads\/2025\/04\/img_1644.jpg 1883w\" sizes=\"auto, (max-width: 1024px) 100vw, 1024px\" \/><\/figure><div class=\"wp-block-media-text__content\">\n<h2 class=\"wp-block-heading has-color-1-color has-text-color has-link-color has-h-4-font-size wp-elements-c1f7c617cbd6dec339f82c95753569f1\">Eco-Design<\/h2>\n\n\n\n<p>Our design office optimizes the use of materials and resources throughout the product development process. Our products are designed to be repairable, ensuring maximum service life and better return on investment.<\/p>\n<\/div><\/div>\n\n\n\n<div class=\"wp-block-media-text alignwide has-media-on-the-right is-stacked-on-mobile is-style-shifted-background\" style=\"grid-template-columns:auto 41%\"><div class=\"wp-block-media-text__content\">\n<h2 class=\"wp-block-heading has-color-1-color has-text-color has-link-color has-h-4-font-size wp-elements-b9cc4de1efc9ca9eed061b7d0c5b9add\">Product Life Cycle Assessment<\/h2>\n\n\n\n<p>The<strong><mark style=\"background-color:rgba(0, 0, 0, 0)\" class=\"has-inline-color has-color-1-color\"> Life Cycle Assessment<\/mark><\/strong> (LCA) of a product aims to systematically evaluate its environmental impact from cradle to grave\u2014that is, by analyzing all material and energy flows in and out at every stage of its life cycle, from raw material extraction to final waste disposal.<\/p>\n\n\n\n<p>LCAs have been standardized by ISO norms (14040 to 14043) since 1994.<\/p>\n\n\n\n<p>Using <strong><mark style=\"background-color:rgba(0, 0, 0, 0)\" class=\"has-inline-color has-color-1-color\">reusable containers significantly reduces<\/mark><\/strong> environmental impact.<br>With Outils Oc\u00e9ans\u2019 Repair Service, the LCA is further improved, leading to a substantial reduction in the overall environmental cost.<\/p>\n\n\n\n<p>Choose reusable containers and <strong><mark style=\"background-color:rgba(0, 0, 0, 0)\" class=\"has-inline-color has-color-1-color\">cut your annual environmental impact by a factor of 100 to 200 !<\/mark><\/strong><\/p>\n<\/div><figure class=\"wp-block-media-text__media\"><img loading=\"lazy\" decoding=\"async\" width=\"1024\" height=\"683\" src=\"https:\/\/www.outils-oceans.com\/blog\/app\/uploads\/2025\/04\/00231outils-oce_ans-juin-2021-1024x683.jpg\" alt=\"00231outils Oce Ans Juin 2021\" class=\"wp-image-2308 size-full\" srcset=\"https:\/\/www.outils-oceans.com\/blog\/app\/uploads\/2025\/04\/00231outils-oce_ans-juin-2021-1024x683.jpg 1024w, https:\/\/www.outils-oceans.com\/blog\/app\/uploads\/2025\/04\/00231outils-oce_ans-juin-2021-300x200.jpg 300w, https:\/\/www.outils-oceans.com\/blog\/app\/uploads\/2025\/04\/00231outils-oce_ans-juin-2021-768x512.jpg 768w, https:\/\/www.outils-oceans.com\/blog\/app\/uploads\/2025\/04\/00231outils-oce_ans-juin-2021-1536x1025.jpg 1536w, https:\/\/www.outils-oceans.com\/blog\/app\/uploads\/2025\/04\/00231outils-oce_ans-juin-2021-2048x1367.jpg 2048w\" sizes=\"auto, (max-width: 1024px) 100vw, 1024px\" \/><\/figure><\/div>\n\n\n\n<div class=\"wp-block-media-text alignwide is-stacked-on-mobile is-style-shifted-background\" style=\"grid-template-columns:41% auto\"><figure class=\"wp-block-media-text__media\"><img loading=\"lazy\" decoding=\"async\" width=\"682\" height=\"1024\" src=\"https:\/\/www.outils-oceans.com\/blog\/app\/uploads\/2025\/04\/img_1551-682x1024.jpg\" alt=\"Img 1551\" class=\"wp-image-1826 size-full\" srcset=\"https:\/\/www.outils-oceans.com\/blog\/app\/uploads\/2025\/04\/img_1551-682x1024.jpg 682w, https:\/\/www.outils-oceans.com\/blog\/app\/uploads\/2025\/04\/img_1551-200x300.jpg 200w, https:\/\/www.outils-oceans.com\/blog\/app\/uploads\/2025\/04\/img_1551-768x1152.jpg 768w, https:\/\/www.outils-oceans.com\/blog\/app\/uploads\/2025\/04\/img_1551-1024x1536.jpg 1024w, https:\/\/www.outils-oceans.com\/blog\/app\/uploads\/2025\/04\/img_1551.jpg 1325w\" sizes=\"auto, (max-width: 682px) 100vw, 682px\" \/><\/figure><div class=\"wp-block-media-text__content\">\n<h2 class=\"wp-block-heading has-color-1-color has-text-color has-link-color has-h-4-font-size wp-elements-f0c60cb3f6519cf1667f7dd35a974e8b\">Keeping Your Equipment Operational: After-Sales &amp; Repair Service<\/h2>\n\n\n\n<p>Consider using <strong><mark style=\"background-color:rgba(0, 0, 0, 0)\" class=\"has-inline-color has-color-1-color\">our repair service<\/mark><\/strong> to give your bags a second life and <strong><mark style=\"background-color:rgba(0, 0, 0, 0)\" class=\"has-inline-color has-color-1-color\">reduce their environmental impact.<\/mark><\/strong><\/p>\n\n\n\n<p>Products received by the repair department are pre-sorted by category and classified as \u201cRepairable\u201d or \u201cNon-repairable\u201d based on standardized criteria, including:<\/p>\n\n\n\n<ul class=\"wp-block-list\">\n<li>The number of tasks required<\/li>\n\n\n\n<li>The average time needed for each task<\/li>\n\n\n\n<li>The time needed to manufacture a new equivalent product<\/li>\n\n\n\n<li>Whether the product has already been repaired, and how many times<\/li>\n<\/ul>\n<\/div><\/div>\n\n\n\n<div class=\"wp-block-media-text alignwide has-media-on-the-right is-stacked-on-mobile is-style-shifted-background\" style=\"grid-template-columns:auto 41%\"><div class=\"wp-block-media-text__content\">\n<h2 class=\"wp-block-heading has-color-1-color has-text-color has-link-color has-h-4-font-size wp-elements-df09dec97c394ef5ef479fa3e26a7d0e\">Reuse<\/h2>\n\n\n\n<p>Do you have products in good condition that you no longer use? <strong><mark style=\"background-color:rgba(0, 0, 0, 0)\" class=\"has-inline-color has-color-1-color\">Don\u2019t throw them away\u2014contact us !<\/mark><\/strong><br>Let your Outils Oc\u00e9ans representative know; we can <mark style=\"background-color:rgba(0, 0, 0, 0)\" class=\"has-inline-color has-color-1-color\"><strong>connect you with new users<\/strong> <\/mark>who could benefit from them.<\/p>\n\n\n\n<p>Here are a few inspiring examples of reuse in action:<\/p>\n\n\n\n<ul class=\"wp-block-list\">\n<li>Soci\u00e9t\u00e9 G\u00e9n\u00e9rale \u2013 Orl\u00e9ans Service Center<\/li>\n<\/ul>\n\n\n\n<p>This site no longer used its \u201cSac Navette\u201d bags due to the absence of direct delivery routes to branches.<br>We connected them with the carrier Sterne, enabling the reuse of these bags in a new logistics chain.<\/p>\n\n\n\n<ul class=\"wp-block-list\">\n<li> Cr\u00e9dit Agricole Nord de France<\/li>\n<\/ul>\n\n\n\n<p>This client had upgraded its \u201cSac Navette\u201d fleet to a new model with a front index window and no longer wished to use the older version. We facilitated contact with the Sterne carrier to give the unused bags a <strong><mark style=\"background-color:rgba(0, 0, 0, 0)\" class=\"has-inline-color has-color-1-color\">second life<\/mark><\/strong>.<\/p>\n\n\n\n<ul class=\"wp-block-list\">\n<li>Banque Populaire Val de France<\/li>\n<\/ul>\n\n\n\n<p>This client had a stock of unused pre-sorting pouches.<br>The Outils Oc\u00e9ans sales team<strong><mark style=\"background-color:rgba(0, 0, 0, 0)\" class=\"has-inline-color has-color-1-color\"> connected them with other interested clients <\/mark><\/strong>and, in some cases, helped organize the return and redistribution of the stock.<\/p>\n<\/div><figure class=\"wp-block-media-text__media\"><img loading=\"lazy\" decoding=\"async\" width=\"1024\" height=\"683\" src=\"https:\/\/www.outils-oceans.com\/blog\/app\/uploads\/2025\/04\/benderoche-215-1024x683.jpg\" alt=\"Benderoche (215)\" class=\"wp-image-2410 size-full\" srcset=\"https:\/\/www.outils-oceans.com\/blog\/app\/uploads\/2025\/04\/benderoche-215-1024x683.jpg 1024w, https:\/\/www.outils-oceans.com\/blog\/app\/uploads\/2025\/04\/benderoche-215-300x200.jpg 300w, https:\/\/www.outils-oceans.com\/blog\/app\/uploads\/2025\/04\/benderoche-215-768x512.jpg 768w, https:\/\/www.outils-oceans.com\/blog\/app\/uploads\/2025\/04\/benderoche-215-1536x1024.jpg 1536w, https:\/\/www.outils-oceans.com\/blog\/app\/uploads\/2025\/04\/benderoche-215-2048x1365.jpg 2048w\" sizes=\"auto, (max-width: 1024px) 100vw, 1024px\" \/><\/figure><\/div>\n\n\n\n<div class=\"wp-block-media-text alignwide is-stacked-on-mobile is-style-shifted-background\" style=\"grid-template-columns:41% auto\"><figure class=\"wp-block-media-text__media\"><img loading=\"lazy\" decoding=\"async\" width=\"1024\" height=\"683\" src=\"https:\/\/www.outils-oceans.com\/blog\/app\/uploads\/2025\/04\/img_2740-2-1024x683.jpg\" alt=\"Img 2740 2\" class=\"wp-image-1060 size-full\" srcset=\"https:\/\/www.outils-oceans.com\/blog\/app\/uploads\/2025\/04\/img_2740-2-1024x683.jpg 1024w, https:\/\/www.outils-oceans.com\/blog\/app\/uploads\/2025\/04\/img_2740-2-300x200.jpg 300w, https:\/\/www.outils-oceans.com\/blog\/app\/uploads\/2025\/04\/img_2740-2-768x512.jpg 768w, https:\/\/www.outils-oceans.com\/blog\/app\/uploads\/2025\/04\/img_2740-2-1536x1024.jpg 1536w, https:\/\/www.outils-oceans.com\/blog\/app\/uploads\/2025\/04\/img_2740-2.jpg 1749w\" sizes=\"auto, (max-width: 1024px) 100vw, 1024px\" \/><\/figure><div class=\"wp-block-media-text__content\">\n<h2 class=\"wp-block-heading has-color-1-color has-text-color has-link-color has-h-4-font-size wp-elements-c9229c121035fafa9f8f5c055056405d\">Disassembly and recycling<\/h2>\n\n\n\n<p>Recycling requires the <strong><mark style=\"background-color:rgba(0, 0, 0, 0)\" class=\"has-inline-color has-color-1-color\">separation of materials<\/mark><\/strong>, which means <strong><mark style=\"background-color:rgba(0, 0, 0, 0)\" class=\"has-inline-color has-color-1-color\">disassembling the products<\/mark><\/strong> beforehand.<br>Depending on the product type, <strong><mark style=\"background-color:rgba(0, 0, 0, 0)\" class=\"has-inline-color has-color-1-color\">materials are separated<\/mark><\/strong> using a press and cutting dies, or a nibbling machine.<\/p>\n\n\n\n<p>For products manufactured up until the end of 2021, we achieve a recycling rate of 60 to 70%, including:<\/p>\n\n\n\n<ul class=\"wp-block-list\">\n<li>Plastic plates: Polypropylene (PP) and Polyethylene (PE)<\/li>\n\n\n\n<li>Foams: PE, EVA, PU<\/li>\n\n\n\n<li>Metal accessories: sliders, snap fasteners<\/li>\n<\/ul>\n\n\n\n<p>For products manufactured from 2022 onward, made from recyclable mono-material PP fabric, we will be able to <strong><mark style=\"background-color:rgba(0, 0, 0, 0)\" class=\"has-inline-color has-color-1-color\">recycle up to 98%<\/mark><\/strong> of the material once the products reach end of life.<\/p>\n\n\n\n<p>Metals are sent back to our accessory suppliers for reuse in their own manufacturing processes.<\/p>\n\n\n\n<p>Plastics are either sent to our suppliers for reintegration into production, or ground and repurposed by a local partner who transforms them into items for homes and public spaces, such as:<\/p>\n\n\n\n<ul class=\"wp-block-list\">\n<li>Kitchen countertops<\/li>\n\n\n\n<li>Seating surfaces<\/li>\n<\/ul>\n<\/div><\/div>\n\n\n\n<p><\/p>\n","protected":false},"excerpt":{"rendered":"<p>Resource Management From the product design stage, Outils Oc\u00e9ans considers the type and quantity of raw materials used, as well as their environmental impact.Whenever possible, we prioritize materials that are low-polluting during production and recyclable at end of life. Outils Oc\u00e9ans implements measures to reduce packaging and give a second life to certain packaging materials. [&hellip;]<\/p>\n","protected":false},"author":2,"featured_media":0,"parent":0,"menu_order":0,"comment_status":"closed","ping_status":"closed","template":"","meta":{"_acf_changed":false,"_job_offers_show_list":false,"_job_offers_list_title":"","_job_offers_list_description":"","footnotes":""},"class_list":["post-3621","page","type-page","status-publish","hentry"],"acf":[],"yoast_head":"<!-- This site is optimized with the Yoast SEO plugin v27.1.1 - https:\/\/yoast.com\/product\/yoast-seo-wordpress\/ -->\n<title>Actively contributing to a preserved environment - Outils Oc\u00e9ans<\/title>\n<meta name=\"robots\" content=\"index, follow, max-snippet:-1, max-image-preview:large, max-video-preview:-1\" \/>\n<link rel=\"canonical\" href=\"https:\/\/www.outils-oceans.com\/blog\/en\/actively-contributing-to-a-preserved-environment\/\" \/>\n<meta property=\"og:locale\" content=\"en_US\" \/>\n<meta property=\"og:type\" content=\"article\" \/>\n<meta property=\"og:title\" content=\"Actively contributing to a preserved environment - Outils Oc\u00e9ans\" \/>\n<meta property=\"og:description\" content=\"Resource Management From the product design stage, Outils Oc\u00e9ans considers the type and quantity of raw materials used, as well as their environmental impact.Whenever possible, we prioritize materials that are low-polluting during production and recyclable at end of life. Outils Oc\u00e9ans implements measures to reduce packaging and give a second life to certain packaging materials. [&hellip;]\" \/>\n<meta property=\"og:url\" content=\"https:\/\/www.outils-oceans.com\/blog\/en\/actively-contributing-to-a-preserved-environment\/\" \/>\n<meta property=\"og:site_name\" content=\"Outils Oc\u00e9ans\" \/>\n<meta property=\"article:modified_time\" content=\"2025-06-24T13:53:13+00:00\" \/>\n<meta property=\"og:image\" content=\"https:\/\/www.outils-oceans.com\/blog\/app\/uploads\/2025\/04\/img_1644-1024x682.jpg\" \/>\n<meta name=\"twitter:card\" content=\"summary_large_image\" \/>\n<meta name=\"twitter:label1\" content=\"Est. reading time\" \/>\n\t<meta name=\"twitter:data1\" content=\"5 minutes\" \/>\n<script type=\"application\/ld+json\" class=\"yoast-schema-graph\">{\"@context\":\"https:\/\/schema.org\",\"@graph\":[{\"@type\":\"WebPage\",\"@id\":\"https:\/\/www.outils-oceans.com\/blog\/en\/actively-contributing-to-a-preserved-environment\/\",\"url\":\"https:\/\/www.outils-oceans.com\/blog\/en\/actively-contributing-to-a-preserved-environment\/\",\"name\":\"Actively contributing to a preserved environment - Outils Oc\u00e9ans\",\"isPartOf\":{\"@id\":\"https:\/\/www.outils-oceans.com\/blog\/en\/#website\"},\"primaryImageOfPage\":{\"@id\":\"https:\/\/www.outils-oceans.com\/blog\/en\/actively-contributing-to-a-preserved-environment\/#primaryimage\"},\"image\":{\"@id\":\"https:\/\/www.outils-oceans.com\/blog\/en\/actively-contributing-to-a-preserved-environment\/#primaryimage\"},\"thumbnailUrl\":\"https:\/\/www.outils-oceans.com\/blog\/app\/uploads\/2025\/04\/img_1644-1024x682.jpg\",\"datePublished\":\"2025-04-08T13:01:31+00:00\",\"dateModified\":\"2025-06-24T13:53:13+00:00\",\"breadcrumb\":{\"@id\":\"https:\/\/www.outils-oceans.com\/blog\/en\/actively-contributing-to-a-preserved-environment\/#breadcrumb\"},\"inLanguage\":\"en-US\",\"potentialAction\":[{\"@type\":\"ReadAction\",\"target\":[\"https:\/\/www.outils-oceans.com\/blog\/en\/actively-contributing-to-a-preserved-environment\/\"]}]},{\"@type\":\"ImageObject\",\"inLanguage\":\"en-US\",\"@id\":\"https:\/\/www.outils-oceans.com\/blog\/en\/actively-contributing-to-a-preserved-environment\/#primaryimage\",\"url\":\"https:\/\/www.outils-oceans.com\/blog\/app\/uploads\/2025\/04\/img_1644-1024x682.jpg\",\"contentUrl\":\"https:\/\/www.outils-oceans.com\/blog\/app\/uploads\/2025\/04\/img_1644-1024x682.jpg\"},{\"@type\":\"BreadcrumbList\",\"@id\":\"https:\/\/www.outils-oceans.com\/blog\/en\/actively-contributing-to-a-preserved-environment\/#breadcrumb\",\"itemListElement\":[{\"@type\":\"ListItem\",\"position\":1,\"name\":\"Home\",\"item\":\"https:\/\/www.outils-oceans.com\/blog\/en\/\"},{\"@type\":\"ListItem\",\"position\":2,\"name\":\"Actively contributing to a preserved environment\"}]},{\"@type\":\"WebSite\",\"@id\":\"https:\/\/www.outils-oceans.com\/blog\/en\/#website\",\"url\":\"https:\/\/www.outils-oceans.com\/blog\/en\/\",\"name\":\"Outils Oc\u00e9ans\",\"description\":\"\",\"potentialAction\":[{\"@type\":\"SearchAction\",\"target\":{\"@type\":\"EntryPoint\",\"urlTemplate\":\"https:\/\/www.outils-oceans.com\/blog\/en\/?s={search_term_string}\"},\"query-input\":{\"@type\":\"PropertyValueSpecification\",\"valueRequired\":true,\"valueName\":\"search_term_string\"}}],\"inLanguage\":\"en-US\"}]}<\/script>\n<!-- \/ Yoast SEO plugin. -->","yoast_head_json":{"title":"Actively contributing to a preserved environment - Outils Oc\u00e9ans","robots":{"index":"index","follow":"follow","max-snippet":"max-snippet:-1","max-image-preview":"max-image-preview:large","max-video-preview":"max-video-preview:-1"},"canonical":"https:\/\/www.outils-oceans.com\/blog\/en\/actively-contributing-to-a-preserved-environment\/","og_locale":"en_US","og_type":"article","og_title":"Actively contributing to a preserved environment - Outils Oc\u00e9ans","og_description":"Resource Management From the product design stage, Outils Oc\u00e9ans considers the type and quantity of raw materials used, as well as their environmental impact.Whenever possible, we prioritize materials that are low-polluting during production and recyclable at end of life. Outils Oc\u00e9ans implements measures to reduce packaging and give a second life to certain packaging materials. [&hellip;]","og_url":"https:\/\/www.outils-oceans.com\/blog\/en\/actively-contributing-to-a-preserved-environment\/","og_site_name":"Outils Oc\u00e9ans","article_modified_time":"2025-06-24T13:53:13+00:00","og_image":[{"url":"https:\/\/www.outils-oceans.com\/blog\/app\/uploads\/2025\/04\/img_1644-1024x682.jpg","type":"","width":"","height":""}],"twitter_card":"summary_large_image","twitter_misc":{"Est. reading time":"5 minutes"},"schema":{"@context":"https:\/\/schema.org","@graph":[{"@type":"WebPage","@id":"https:\/\/www.outils-oceans.com\/blog\/en\/actively-contributing-to-a-preserved-environment\/","url":"https:\/\/www.outils-oceans.com\/blog\/en\/actively-contributing-to-a-preserved-environment\/","name":"Actively contributing to a preserved environment - Outils Oc\u00e9ans","isPartOf":{"@id":"https:\/\/www.outils-oceans.com\/blog\/en\/#website"},"primaryImageOfPage":{"@id":"https:\/\/www.outils-oceans.com\/blog\/en\/actively-contributing-to-a-preserved-environment\/#primaryimage"},"image":{"@id":"https:\/\/www.outils-oceans.com\/blog\/en\/actively-contributing-to-a-preserved-environment\/#primaryimage"},"thumbnailUrl":"https:\/\/www.outils-oceans.com\/blog\/app\/uploads\/2025\/04\/img_1644-1024x682.jpg","datePublished":"2025-04-08T13:01:31+00:00","dateModified":"2025-06-24T13:53:13+00:00","breadcrumb":{"@id":"https:\/\/www.outils-oceans.com\/blog\/en\/actively-contributing-to-a-preserved-environment\/#breadcrumb"},"inLanguage":"en-US","potentialAction":[{"@type":"ReadAction","target":["https:\/\/www.outils-oceans.com\/blog\/en\/actively-contributing-to-a-preserved-environment\/"]}]},{"@type":"ImageObject","inLanguage":"en-US","@id":"https:\/\/www.outils-oceans.com\/blog\/en\/actively-contributing-to-a-preserved-environment\/#primaryimage","url":"https:\/\/www.outils-oceans.com\/blog\/app\/uploads\/2025\/04\/img_1644-1024x682.jpg","contentUrl":"https:\/\/www.outils-oceans.com\/blog\/app\/uploads\/2025\/04\/img_1644-1024x682.jpg"},{"@type":"BreadcrumbList","@id":"https:\/\/www.outils-oceans.com\/blog\/en\/actively-contributing-to-a-preserved-environment\/#breadcrumb","itemListElement":[{"@type":"ListItem","position":1,"name":"Home","item":"https:\/\/www.outils-oceans.com\/blog\/en\/"},{"@type":"ListItem","position":2,"name":"Actively contributing to a preserved environment"}]},{"@type":"WebSite","@id":"https:\/\/www.outils-oceans.com\/blog\/en\/#website","url":"https:\/\/www.outils-oceans.com\/blog\/en\/","name":"Outils Oc\u00e9ans","description":"","potentialAction":[{"@type":"SearchAction","target":{"@type":"EntryPoint","urlTemplate":"https:\/\/www.outils-oceans.com\/blog\/en\/?s={search_term_string}"},"query-input":{"@type":"PropertyValueSpecification","valueRequired":true,"valueName":"search_term_string"}}],"inLanguage":"en-US"}]}},"_links":{"self":[{"href":"https:\/\/www.outils-oceans.com\/blog\/en\/wp-json\/wp\/v2\/pages\/3621","targetHints":{"allow":["GET"]}}],"collection":[{"href":"https:\/\/www.outils-oceans.com\/blog\/en\/wp-json\/wp\/v2\/pages"}],"about":[{"href":"https:\/\/www.outils-oceans.com\/blog\/en\/wp-json\/wp\/v2\/types\/page"}],"author":[{"embeddable":true,"href":"https:\/\/www.outils-oceans.com\/blog\/en\/wp-json\/wp\/v2\/users\/2"}],"replies":[{"embeddable":true,"href":"https:\/\/www.outils-oceans.com\/blog\/en\/wp-json\/wp\/v2\/comments?post=3621"}],"version-history":[{"count":1,"href":"https:\/\/www.outils-oceans.com\/blog\/en\/wp-json\/wp\/v2\/pages\/3621\/revisions"}],"predecessor-version":[{"id":3622,"href":"https:\/\/www.outils-oceans.com\/blog\/en\/wp-json\/wp\/v2\/pages\/3621\/revisions\/3622"}],"wp:attachment":[{"href":"https:\/\/www.outils-oceans.com\/blog\/en\/wp-json\/wp\/v2\/media?parent=3621"}],"curies":[{"name":"wp","href":"https:\/\/api.w.org\/{rel}","templated":true}]}}