{"id":3641,"date":"2025-04-03T15:59:28","date_gmt":"2025-04-03T13:59:28","guid":{"rendered":"https:\/\/www.outils-oceans.com\/blog\/?page_id=3641"},"modified":"2025-06-25T17:19:12","modified_gmt":"2025-06-25T15:19:12","slug":"warranty-after-sales-product-repair","status":"publish","type":"page","link":"https:\/\/www.outils-oceans.com\/blog\/en\/warranty-after-sales-product-repair\/","title":{"rendered":"Warranty, after-sales &amp; product repair"},"content":{"rendered":"\n<p class=\"has-text-align-center has-h-2-font-size\"><strong><mark style=\"background-color:rgba(0, 0, 0, 0)\" class=\"has-inline-color has-color-1-color\">Garantie, service apr\u00e8s-vente, r\u00e9paration<\/mark><\/strong><\/p>\n\n<p class=\"has-text-align-center\">Tous nos \u00e9quipements b\u00e9n\u00e9ficient d\u2019une garantie pi\u00e8ces et main d\u2019\u0153uvre. Au-del\u00e0 de cette garantie nous maintenons votre parc de mat\u00e9riel en parfait \u00e9tat de fonctionnement gr\u00e2ce \u00e0 notre service apr\u00e8s-vente. Pour les solutions logicielles une hotline d\u00e9di\u00e9e prend en charge les questions et les demandes d\u2019intervention.<\/p>\n\n<div class=\"wp-block-media-text alignwide has-media-on-the-right is-stacked-on-mobile is-style-shifted-background\" style=\"grid-template-columns:auto 41%\"><div class=\"wp-block-media-text__content\">\n<h2 class=\"wp-block-heading has-color-1-color has-text-color has-link-color has-h-4-font-size wp-elements-3f0d1b0f00f082f29066352e52c5fd1d\">Ganrantie<\/h2>\n\n\n\n<p>Tous nos produits sont garantis <strong><mark style=\"background-color:rgba(0, 0, 0, 0)\" class=\"has-inline-color has-color-1-color\">2 ans pi\u00e8ces et main d\u2019\u0153uvre <\/mark><\/strong>dans le cadre d\u2019un usage normal des produits et sous r\u00e9serve de retour des produits d\u00e9fectueux.<\/p>\n\n\n\n<p>Quelle qu\u2019en soit la nature, <strong><mark style=\"background-color:rgba(0, 0, 0, 0)\" class=\"has-inline-color has-color-1-color\">nous effectuons les r\u00e9parations prises en charge sous garantie ou bien nous rempla\u00e7ons les produits<\/mark><\/strong>. En effet, nous sommes votre partenaire. Avec vous, nous nous engageons \u00e0 trouver la cause et \u00e0 y rem\u00e9dier m\u00eame si elle vient des conditions d\u2019utilisation (exemples rencontr\u00e9s : sacs coinc\u00e9s dans des convoyeurs ou dans des portes de coffres, vis\/clou qui arrache le tissu, etc).<\/p>\n\n\n\n<p><strong><mark style=\"background-color:rgba(0, 0, 0, 0)\" class=\"has-inline-color has-color-1-color\">Notre accueil t\u00e9l\u00e9phonique et notre \u00e9quipe commerciale sont form\u00e9s<\/mark><\/strong> \u00e0 la r\u00e9ception des appels SAV et le pr\u00e9-diagnostic. Ils se mettent ensuite <strong><mark style=\"background-color:rgba(0, 0, 0, 0)\" class=\"has-inline-color has-color-1-color\">en lien avec le bureau d\u2019\u00e9tude et la production<\/mark><\/strong> pour lancer les actions correctives.<\/p>\n<\/div><figure class=\"wp-block-media-text__media\"><img loading=\"lazy\" decoding=\"async\" width=\"1024\" height=\"775\" src=\"https:\/\/www.outils-oceans.com\/blog\/app\/uploads\/2025\/04\/benderoche-290-1024x775.jpg\" alt=\"Benderoche (290)\" class=\"wp-image-1764 size-full\" srcset=\"https:\/\/www.outils-oceans.com\/blog\/app\/uploads\/2025\/04\/benderoche-290-1024x775.jpg 1024w, https:\/\/www.outils-oceans.com\/blog\/app\/uploads\/2025\/04\/benderoche-290-300x227.jpg 300w, https:\/\/www.outils-oceans.com\/blog\/app\/uploads\/2025\/04\/benderoche-290-768x581.jpg 768w, https:\/\/www.outils-oceans.com\/blog\/app\/uploads\/2025\/04\/benderoche-290-1536x1163.jpg 1536w, https:\/\/www.outils-oceans.com\/blog\/app\/uploads\/2025\/04\/benderoche-290-2048x1550.jpg 2048w\" sizes=\"auto, (max-width: 1024px) 100vw, 1024px\" \/><\/figure><\/div>\n\n<div class=\"wp-block-group alignwide is-layout-constrained wp-block-group-is-layout-constrained\">\n<div class=\"wp-block-media-text alignwide is-stacked-on-mobile is-style-shifted-background\" style=\"grid-template-columns:41% auto\"><figure class=\"wp-block-media-text__media\"><img loading=\"lazy\" decoding=\"async\" width=\"682\" height=\"1024\" src=\"https:\/\/www.outils-oceans.com\/blog\/app\/uploads\/2025\/04\/img_1551-682x1024.jpg\" alt=\"Img 1551\" class=\"wp-image-1826 size-full\" srcset=\"https:\/\/www.outils-oceans.com\/blog\/app\/uploads\/2025\/04\/img_1551-682x1024.jpg 682w, https:\/\/www.outils-oceans.com\/blog\/app\/uploads\/2025\/04\/img_1551-200x300.jpg 200w, https:\/\/www.outils-oceans.com\/blog\/app\/uploads\/2025\/04\/img_1551-768x1152.jpg 768w, https:\/\/www.outils-oceans.com\/blog\/app\/uploads\/2025\/04\/img_1551-1024x1536.jpg 1024w, https:\/\/www.outils-oceans.com\/blog\/app\/uploads\/2025\/04\/img_1551.jpg 1325w\" sizes=\"auto, (max-width: 682px) 100vw, 682px\" \/><\/figure><div class=\"wp-block-media-text__content\">\n<h2 class=\"wp-block-heading has-color-1-color has-text-color has-link-color has-h-4-font-size wp-elements-6d4322446e864c15a2fd57e0081649f9\">SAV et r\u00e9parations<\/h2>\n\n\n\n<p><strong><mark style=\"background-color:rgba(0, 0, 0, 0)\" class=\"has-inline-color has-color-1-color\">Le service r\u00e9paration : Comment \u00e7a marche ?<\/mark><\/strong><\/p>\n\n\n\n<p>Lorsque les sacs sont \u00e9cart\u00e9s de la circulation pour des usures telles que glissi\u00e8re, curseur, fen\u00eatre, etc. Vous pouvez leur redonner une 2\u00e8me vie et maintenir votre parc de sacs en bon \u00e9tat de fonctionnement.<\/p>\n\n\n\n<p><strong><mark style=\"background-color:rgba(0, 0, 0, 0)\" class=\"has-inline-color has-color-1-color\">La d\u00e9marche\u00a0:<\/mark><\/strong><\/p>\n\n\n\n<p>Les produits re\u00e7us au service r\u00e9paration sont pr\u00e9-tri\u00e9s par famille et qualifi\u00e9s \u00abR\u00e9parable\u00bb\/ \u00abNon R\u00e9parable\u00bb en fonction de ratios types prenant en compte :<\/p>\n\n\n\n<ul class=\"wp-block-list\">\n<li>Le nombre de t\u00e2ches \u00e0 effectuer<\/li>\n\n\n\n<li>Le temps moyen pour chacune de ces t\u00e2ches<\/li>\n\n\n\n<li>Le temps de fabrication d\u2019un produit \u00e9quivalent neuf<\/li>\n\n\n\n<li>Si le produit a d\u00e9j\u00e0 \u00e9t\u00e9 r\u00e9par\u00e9 et combien de fois<\/li>\n<\/ul>\n\n\n\n<p>Les interventions de r\u00e9paration sont r\u00e9alis\u00e9es dans<strong><mark style=\"background-color:rgba(0, 0, 0, 0)\" class=\"has-inline-color has-color-1-color\"> la zone SAV de l\u2019atelier de production<\/mark><\/strong>. Les r\u00e9parations sont assur\u00e9es par des m\u00e9caniciennes piqueuses d\u00e9tach\u00e9es en rotation de l\u2019atelier de production. Le service r\u00e9paration mobilise 1 \u00e0 2 personnes toute l\u2019ann\u00e9e. Pour certains mat\u00e9riels de votre salle courrier, la r\u00e9paration est r\u00e9alis\u00e9e sur site par notre technicien de maintenance.<\/p>\n\n\n\n<p>Les interventions de r\u00e9paration sont consign\u00e9es dans un registre. Ce registre est suivi par le Bureau d\u2019\u00e9tudes qui \u00e9labore des <strong><mark style=\"background-color:rgba(0, 0, 0, 0)\" class=\"has-inline-color has-color-1-color\">actions correctives<\/mark><\/strong> et les <strong><mark style=\"background-color:rgba(0, 0, 0, 0)\" class=\"has-inline-color has-color-1-color\">am\u00e9liorations produits <\/mark><\/strong>n\u00e9cessaires.<\/p>\n\n\n\n<p><\/p>\n\n\n\n<p><\/p>\n<\/div><\/div>\n<\/div>\n\n<div class=\"wp-block-media-text alignwide has-media-on-the-right is-stacked-on-mobile is-style-shifted-background\" style=\"grid-template-columns:auto 41%\"><div class=\"wp-block-media-text__content\">\n<h2 class=\"wp-block-heading has-color-1-color has-text-color has-link-color has-h-4-font-size wp-elements-d5a245a13fef71b0cce36f2d43bdac83\">Maintenance et assistance logiciels<\/h2>\n\n\n\n<p>Pour effectuer vos demandes nous mettons \u00e0 votre disposition en priorit\u00e9 une\u2026<\/p>\n\n\n\n<div class=\"wp-block-buttons is-layout-flex wp-block-buttons-is-layout-flex\">\n<div class=\"wp-block-button\"><a class=\"wp-block-button__link wp-element-button\" href=\"mailto:hotline@outils-oceans.com\">&#8230; <strong>a<\/strong>dresse e-mail d\u00e9di\u00e9e.<\/a><\/div>\n<\/div>\n\n\n\n<p>Un expert vous r\u00e9pond \u00e9galement au <strong><mark style=\"background-color:rgba(0, 0, 0, 0)\" class=\"has-inline-color has-color-1-color\">02.56.10.20.40.<\/mark><\/strong><\/p>\n\n\n\n<p>Le traitement et la tra\u00e7abilit\u00e9 de vos demandes sont garantis par notre logiciel de GED Elise.<\/p>\n<\/div><figure class=\"wp-block-media-text__media\"><img loading=\"lazy\" decoding=\"async\" width=\"683\" height=\"1024\" src=\"https:\/\/www.outils-oceans.com\/blog\/app\/uploads\/2025\/04\/benjamin-deroche-27-683x1024.jpg\" alt=\"Benjamin Deroche 27\" class=\"wp-image-1574 size-full\" srcset=\"https:\/\/www.outils-oceans.com\/blog\/app\/uploads\/2025\/04\/benjamin-deroche-27-683x1024.jpg 683w, https:\/\/www.outils-oceans.com\/blog\/app\/uploads\/2025\/04\/benjamin-deroche-27-200x300.jpg 200w, https:\/\/www.outils-oceans.com\/blog\/app\/uploads\/2025\/04\/benjamin-deroche-27-768x1152.jpg 768w, https:\/\/www.outils-oceans.com\/blog\/app\/uploads\/2025\/04\/benjamin-deroche-27-1024x1536.jpg 1024w, https:\/\/www.outils-oceans.com\/blog\/app\/uploads\/2025\/04\/benjamin-deroche-27-1365x2048.jpg 1365w, https:\/\/www.outils-oceans.com\/blog\/app\/uploads\/2025\/04\/benjamin-deroche-27-scaled.jpg 1707w\" sizes=\"auto, (max-width: 683px) 100vw, 683px\" \/><\/figure><\/div>\n\n<div class=\"wp-block-buttons is-content-justification-center is-layout-flex wp-container-core-buttons-is-layout-a89b3969 wp-block-buttons-is-layout-flex\">\n<div class=\"wp-block-button\"><a class=\"wp-block-button__link wp-element-button\" href=\"https:\/\/www.outils-oceans.com\/blog\/en\/nos-savoir-faire\/\">Retour<\/a><\/div>\n<\/div>\n","protected":false},"excerpt":{"rendered":"<p>Garantie, service apr\u00e8s-vente, r\u00e9paration Tous nos \u00e9quipements b\u00e9n\u00e9ficient d\u2019une garantie pi\u00e8ces et main d\u2019\u0153uvre. Au-del\u00e0 de cette garantie nous maintenons votre parc de mat\u00e9riel en parfait \u00e9tat de fonctionnement gr\u00e2ce \u00e0 notre service apr\u00e8s-vente. Pour les solutions logicielles une hotline d\u00e9di\u00e9e prend en charge les questions et les demandes d\u2019intervention. Ganrantie Tous nos produits sont [&hellip;]<\/p>\n","protected":false},"author":2,"featured_media":0,"parent":0,"menu_order":0,"comment_status":"closed","ping_status":"closed","template":"","meta":{"_acf_changed":false,"_job_offers_show_list":false,"_job_offers_list_title":"","_job_offers_list_description":"","footnotes":""},"class_list":["post-3641","page","type-page","status-publish","hentry"],"acf":[],"yoast_head":"<!-- This site is optimized with the Yoast SEO plugin v27.1.1 - https:\/\/yoast.com\/product\/yoast-seo-wordpress\/ -->\n<title>Warranty, after-sales &amp; product repair - Outils Oc\u00e9ans<\/title>\n<meta name=\"robots\" content=\"index, follow, max-snippet:-1, max-image-preview:large, max-video-preview:-1\" \/>\n<link rel=\"canonical\" href=\"https:\/\/www.outils-oceans.com\/blog\/en\/warranty-after-sales-product-repair\/\" \/>\n<meta property=\"og:locale\" content=\"en_US\" \/>\n<meta property=\"og:type\" content=\"article\" \/>\n<meta property=\"og:title\" content=\"Warranty, after-sales &amp; product repair - Outils Oc\u00e9ans\" \/>\n<meta property=\"og:description\" content=\"Garantie, service apr\u00e8s-vente, r\u00e9paration Tous nos \u00e9quipements b\u00e9n\u00e9ficient d\u2019une garantie pi\u00e8ces et main d\u2019\u0153uvre. Au-del\u00e0 de cette garantie nous maintenons votre parc de mat\u00e9riel en parfait \u00e9tat de fonctionnement gr\u00e2ce \u00e0 notre service apr\u00e8s-vente. Pour les solutions logicielles une hotline d\u00e9di\u00e9e prend en charge les questions et les demandes d\u2019intervention. Ganrantie Tous nos produits sont [&hellip;]\" \/>\n<meta property=\"og:url\" content=\"https:\/\/www.outils-oceans.com\/blog\/en\/warranty-after-sales-product-repair\/\" \/>\n<meta property=\"og:site_name\" content=\"Outils Oc\u00e9ans\" \/>\n<meta property=\"article:modified_time\" content=\"2025-06-25T15:19:12+00:00\" \/>\n<meta property=\"og:image\" content=\"https:\/\/www.outils-oceans.com\/blog\/app\/uploads\/2025\/04\/benderoche-290-1024x775.jpg\" \/>\n<meta name=\"twitter:card\" content=\"summary_large_image\" \/>\n<meta name=\"twitter:label1\" content=\"Est. reading time\" \/>\n\t<meta name=\"twitter:data1\" content=\"3 minutes\" \/>\n<script type=\"application\/ld+json\" class=\"yoast-schema-graph\">{\"@context\":\"https:\/\/schema.org\",\"@graph\":[{\"@type\":\"WebPage\",\"@id\":\"https:\/\/www.outils-oceans.com\/blog\/en\/warranty-after-sales-product-repair\/\",\"url\":\"https:\/\/www.outils-oceans.com\/blog\/en\/warranty-after-sales-product-repair\/\",\"name\":\"Warranty, after-sales &amp; product repair - Outils Oc\u00e9ans\",\"isPartOf\":{\"@id\":\"https:\/\/www.outils-oceans.com\/blog\/en\/#website\"},\"primaryImageOfPage\":{\"@id\":\"https:\/\/www.outils-oceans.com\/blog\/en\/warranty-after-sales-product-repair\/#primaryimage\"},\"image\":{\"@id\":\"https:\/\/www.outils-oceans.com\/blog\/en\/warranty-after-sales-product-repair\/#primaryimage\"},\"thumbnailUrl\":\"https:\/\/www.outils-oceans.com\/blog\/app\/uploads\/2025\/04\/benderoche-290-1024x775.jpg\",\"datePublished\":\"2025-04-03T13:59:28+00:00\",\"dateModified\":\"2025-06-25T15:19:12+00:00\",\"breadcrumb\":{\"@id\":\"https:\/\/www.outils-oceans.com\/blog\/en\/warranty-after-sales-product-repair\/#breadcrumb\"},\"inLanguage\":\"en-US\",\"potentialAction\":[{\"@type\":\"ReadAction\",\"target\":[\"https:\/\/www.outils-oceans.com\/blog\/en\/warranty-after-sales-product-repair\/\"]}]},{\"@type\":\"ImageObject\",\"inLanguage\":\"en-US\",\"@id\":\"https:\/\/www.outils-oceans.com\/blog\/en\/warranty-after-sales-product-repair\/#primaryimage\",\"url\":\"https:\/\/www.outils-oceans.com\/blog\/app\/uploads\/2025\/04\/benderoche-290-1024x775.jpg\",\"contentUrl\":\"https:\/\/www.outils-oceans.com\/blog\/app\/uploads\/2025\/04\/benderoche-290-1024x775.jpg\"},{\"@type\":\"BreadcrumbList\",\"@id\":\"https:\/\/www.outils-oceans.com\/blog\/en\/warranty-after-sales-product-repair\/#breadcrumb\",\"itemListElement\":[{\"@type\":\"ListItem\",\"position\":1,\"name\":\"Home\",\"item\":\"https:\/\/www.outils-oceans.com\/blog\/en\/\"},{\"@type\":\"ListItem\",\"position\":2,\"name\":\"Warranty, after-sales &amp; product repair\"}]},{\"@type\":\"WebSite\",\"@id\":\"https:\/\/www.outils-oceans.com\/blog\/en\/#website\",\"url\":\"https:\/\/www.outils-oceans.com\/blog\/en\/\",\"name\":\"Outils Oc\u00e9ans\",\"description\":\"\",\"potentialAction\":[{\"@type\":\"SearchAction\",\"target\":{\"@type\":\"EntryPoint\",\"urlTemplate\":\"https:\/\/www.outils-oceans.com\/blog\/en\/?s={search_term_string}\"},\"query-input\":{\"@type\":\"PropertyValueSpecification\",\"valueRequired\":true,\"valueName\":\"search_term_string\"}}],\"inLanguage\":\"en-US\"}]}<\/script>\n<!-- \/ Yoast SEO plugin. -->","yoast_head_json":{"title":"Warranty, after-sales &amp; product repair - Outils Oc\u00e9ans","robots":{"index":"index","follow":"follow","max-snippet":"max-snippet:-1","max-image-preview":"max-image-preview:large","max-video-preview":"max-video-preview:-1"},"canonical":"https:\/\/www.outils-oceans.com\/blog\/en\/warranty-after-sales-product-repair\/","og_locale":"en_US","og_type":"article","og_title":"Warranty, after-sales &amp; product repair - Outils Oc\u00e9ans","og_description":"Garantie, service apr\u00e8s-vente, r\u00e9paration Tous nos \u00e9quipements b\u00e9n\u00e9ficient d\u2019une garantie pi\u00e8ces et main d\u2019\u0153uvre. Au-del\u00e0 de cette garantie nous maintenons votre parc de mat\u00e9riel en parfait \u00e9tat de fonctionnement gr\u00e2ce \u00e0 notre service apr\u00e8s-vente. Pour les solutions logicielles une hotline d\u00e9di\u00e9e prend en charge les questions et les demandes d\u2019intervention. Ganrantie Tous nos produits sont [&hellip;]","og_url":"https:\/\/www.outils-oceans.com\/blog\/en\/warranty-after-sales-product-repair\/","og_site_name":"Outils Oc\u00e9ans","article_modified_time":"2025-06-25T15:19:12+00:00","og_image":[{"url":"https:\/\/www.outils-oceans.com\/blog\/app\/uploads\/2025\/04\/benderoche-290-1024x775.jpg","type":"","width":"","height":""}],"twitter_card":"summary_large_image","twitter_misc":{"Est. reading time":"3 minutes"},"schema":{"@context":"https:\/\/schema.org","@graph":[{"@type":"WebPage","@id":"https:\/\/www.outils-oceans.com\/blog\/en\/warranty-after-sales-product-repair\/","url":"https:\/\/www.outils-oceans.com\/blog\/en\/warranty-after-sales-product-repair\/","name":"Warranty, after-sales &amp; product repair - Outils Oc\u00e9ans","isPartOf":{"@id":"https:\/\/www.outils-oceans.com\/blog\/en\/#website"},"primaryImageOfPage":{"@id":"https:\/\/www.outils-oceans.com\/blog\/en\/warranty-after-sales-product-repair\/#primaryimage"},"image":{"@id":"https:\/\/www.outils-oceans.com\/blog\/en\/warranty-after-sales-product-repair\/#primaryimage"},"thumbnailUrl":"https:\/\/www.outils-oceans.com\/blog\/app\/uploads\/2025\/04\/benderoche-290-1024x775.jpg","datePublished":"2025-04-03T13:59:28+00:00","dateModified":"2025-06-25T15:19:12+00:00","breadcrumb":{"@id":"https:\/\/www.outils-oceans.com\/blog\/en\/warranty-after-sales-product-repair\/#breadcrumb"},"inLanguage":"en-US","potentialAction":[{"@type":"ReadAction","target":["https:\/\/www.outils-oceans.com\/blog\/en\/warranty-after-sales-product-repair\/"]}]},{"@type":"ImageObject","inLanguage":"en-US","@id":"https:\/\/www.outils-oceans.com\/blog\/en\/warranty-after-sales-product-repair\/#primaryimage","url":"https:\/\/www.outils-oceans.com\/blog\/app\/uploads\/2025\/04\/benderoche-290-1024x775.jpg","contentUrl":"https:\/\/www.outils-oceans.com\/blog\/app\/uploads\/2025\/04\/benderoche-290-1024x775.jpg"},{"@type":"BreadcrumbList","@id":"https:\/\/www.outils-oceans.com\/blog\/en\/warranty-after-sales-product-repair\/#breadcrumb","itemListElement":[{"@type":"ListItem","position":1,"name":"Home","item":"https:\/\/www.outils-oceans.com\/blog\/en\/"},{"@type":"ListItem","position":2,"name":"Warranty, after-sales &amp; product repair"}]},{"@type":"WebSite","@id":"https:\/\/www.outils-oceans.com\/blog\/en\/#website","url":"https:\/\/www.outils-oceans.com\/blog\/en\/","name":"Outils Oc\u00e9ans","description":"","potentialAction":[{"@type":"SearchAction","target":{"@type":"EntryPoint","urlTemplate":"https:\/\/www.outils-oceans.com\/blog\/en\/?s={search_term_string}"},"query-input":{"@type":"PropertyValueSpecification","valueRequired":true,"valueName":"search_term_string"}}],"inLanguage":"en-US"}]}},"_links":{"self":[{"href":"https:\/\/www.outils-oceans.com\/blog\/en\/wp-json\/wp\/v2\/pages\/3641","targetHints":{"allow":["GET"]}}],"collection":[{"href":"https:\/\/www.outils-oceans.com\/blog\/en\/wp-json\/wp\/v2\/pages"}],"about":[{"href":"https:\/\/www.outils-oceans.com\/blog\/en\/wp-json\/wp\/v2\/types\/page"}],"author":[{"embeddable":true,"href":"https:\/\/www.outils-oceans.com\/blog\/en\/wp-json\/wp\/v2\/users\/2"}],"replies":[{"embeddable":true,"href":"https:\/\/www.outils-oceans.com\/blog\/en\/wp-json\/wp\/v2\/comments?post=3641"}],"version-history":[{"count":5,"href":"https:\/\/www.outils-oceans.com\/blog\/en\/wp-json\/wp\/v2\/pages\/3641\/revisions"}],"predecessor-version":[{"id":3652,"href":"https:\/\/www.outils-oceans.com\/blog\/en\/wp-json\/wp\/v2\/pages\/3641\/revisions\/3652"}],"wp:attachment":[{"href":"https:\/\/www.outils-oceans.com\/blog\/en\/wp-json\/wp\/v2\/media?parent=3641"}],"curies":[{"name":"wp","href":"https:\/\/api.w.org\/{rel}","templated":true}]}}