{"id":723,"date":"2025-02-05T15:22:37","date_gmt":"2025-02-05T14:22:37","guid":{"rendered":"https:\/\/www.outils-oceans.com\/blog\/?page_id=723"},"modified":"2025-06-25T11:23:38","modified_gmt":"2025-06-25T09:23:38","slug":"contact-en","status":"publish","type":"page","link":"https:\/\/www.outils-oceans.com\/blog\/en\/contact-en\/","title":{"rendered":"Contact"},"content":{"rendered":"\n<div class=\"wp-block-group is-layout-constrained wp-block-group-is-layout-constrained\">\n<h1 class=\"wp-block-heading has-text-align-center\">Contact<\/h1>\n\n\n\n<p class=\"has-text-align-center\">Feel free to contact us ! Our team will handle your request as quickly as possible.<br>We\u2019re available <strong><mark style=\"background-color:rgba(0, 0, 0, 0)\" class=\"has-inline-color has-color-1-color\">Monday to Friday, from 9\u202fa.m. to 6\u202fp.m.<\/mark><\/strong><\/p>\n\n\n\n<p class=\"has-text-align-center\">Hope to speak to you soon !<\/p>\n<\/div>\n\n\n<section class=\"acf formulaire default-align-content aligncontent wp-block-acf-formulaire has-background has-gris-background-color\" id=\"block_a0dd315fd8c6111f7ae44fee5f12ac92\">\n    <div class=\"formulaire__contain\">\n        <div class=\"formulaire__contain__form\">\n            <form action=\"\" method=\"post\" id=\"frm-form_contactblock_a0dd315fd8c6111f7ae44fee5f12ac92\" enctype=\"multipart\/form-data\">\n                <div class=\"contain-form form-contact\">\n                                                                                                                                                                                                                            <div class=\"form-input form-input__hidden form-input__name__form_\">\n                                                                            <div class=\"form-input--label\">\n                                            <th><\/th>                                        <\/div>\n                                        <td><input type=\"hidden\" name=\"_form_\" value=\"form_contactblock_a0dd315fd8c6111f7ae44fee5f12ac92\"><\/td>\n                                                                    <\/div>\n                                                                                                                                                                        <div class=\"form-input form-input__hidden form-input__name_page_from\">\n                                                                            <div class=\"form-input--label\">\n                                            <th><\/th>                                        <\/div>\n                                        <td><input type=\"hidden\" name=\"page_from\" value=\"https:\/\/www.outils-oceans.com\/blog\/en\/wp-json\/wp\/v2\/pages\/723\"><\/td>\n                                                                    <\/div>\n                                                                                                                                                                                                        <td><input type=\"text\" name=\"website_url\" style=\"position: absolute; left: -9999px; width: 1px; height: 1px; opacity: 0;\" tabindex=\"-1\" autocomplete=\"off\" id=\"frm-form_contactblock_a0dd315fd8c6111f7ae44fee5f12ac92-website_url\" class=\"text\"><\/td>\n                                                                                                                                                                        <div class=\"form-input form-input__hidden form-input__name_form_name\">\n                                                                            <div class=\"form-input--label\">\n                                            <th><\/th>                                        <\/div>\n                                        <td><input type=\"hidden\" name=\"form_name\" value=\"Contact\"><\/td>\n                                                                    <\/div>\n                                                                                                                                                                        <div class=\"form-input form-input__text form-input__name_lastname_firstname\">\n                                                                            <div class=\"form-input--label\">\n                                            <th><label for=\"frm-form_contactblock_a0dd315fd8c6111f7ae44fee5f12ac92-lastname_firstname\" class=\"required\">Full name<\/label><\/th>*                                        <\/div>\n                                        <td><input type=\"text\" name=\"lastname_firstname\" autocomplete=\"off\" placeholder=\"Name\" id=\"frm-form_contactblock_a0dd315fd8c6111f7ae44fee5f12ac92-lastname_firstname\" required data-nette-rules='[{\"op\":\":filled\",\"msg\":\"Merci de renseigner votre nom\"}]' class=\"text\"><\/td>\n                                                                    <\/div>\n                                                                                                                                                                        <div class=\"form-input form-input__text form-input__name_company\">\n                                                                            <div class=\"form-input--label\">\n                                            <th><label for=\"frm-form_contactblock_a0dd315fd8c6111f7ae44fee5f12ac92-company\">Company<\/label><\/th>                                        <\/div>\n                                        <td><input type=\"text\" name=\"company\" autocomplete=\"off\" placeholder=\"Company\" id=\"frm-form_contactblock_a0dd315fd8c6111f7ae44fee5f12ac92-company\" class=\"text\"><\/td>\n                                                                    <\/div>\n                                                                                                                                                                        <div class=\"form-input form-input__email form-input__name_email\">\n                                                                            <div class=\"form-input--label\">\n                                            <th><label for=\"frm-form_contactblock_a0dd315fd8c6111f7ae44fee5f12ac92-email\" class=\"required\">Email address<\/label><\/th>*                                        <\/div>\n                                        <td><input type=\"email\" name=\"email\" autocomplete=\"off\" placeholder=\"Email address\" id=\"frm-form_contactblock_a0dd315fd8c6111f7ae44fee5f12ac92-email\" required data-nette-rules='[{\"op\":\":filled\",\"msg\":\"Merci de renseigner votre adresse e-mail\"},{\"op\":\":email\",\"msg\":\"Please enter a valid email address.\"}]' class=\"text\"><\/td>\n                                                                    <\/div>\n                                                                                                                                                                        <div class=\"form-input form-input__tel form-input__name_phone\">\n                                                                            <div class=\"form-input--label\">\n                                            <th><label for=\"frm-form_contactblock_a0dd315fd8c6111f7ae44fee5f12ac92-phone\">Phone number<\/label><\/th>                                        <\/div>\n                                        <td><input type=\"tel\" name=\"phone\" pattern=\"^(?:(?:+|00)33|0)s*[1-9](?:[s.-]*d{2}){4}$\" autocomplete=\"off\" placeholder=\"Phone number\" id=\"frm-form_contactblock_a0dd315fd8c6111f7ae44fee5f12ac92-phone\" data-nette-rules='[{\"op\":\":pattern\",\"msg\":\"Veuillez entrer un num\u00e9ro de t\u00e9l\u00e9phone valide.\",\"arg\":\"^(?:(?:+|00)33|0)s*[1-9](?:[s.-]*d{2}){4}$\"}]'><\/td>\n                                                                    <\/div>\n                                                                                                                                                                        <div class=\"form-input form-input__subject form-input__name_subject\">\n                                                                            <div class=\"form-input--label\">\n                                            <th><label for=\"frm-form_contactblock_a0dd315fd8c6111f7ae44fee5f12ac92-subject\" class=\"required\">Subject<\/label><\/th>*                                        <\/div>\n                                        <td><select name=\"subject\" class=\"large\" autocomplete=\"off\" placeholder=\"Subject\" id=\"frm-form_contactblock_a0dd315fd8c6111f7ae44fee5f12ac92-subject\" required data-nette-rules='[{\"op\":\":filled\",\"msg\":\"Merci de renseigner le sujet\"}]'><option value=\"\">Select a topic<\/option><option value=\"Demande de renseignements Produit \/ Service\">Demande de renseignements Produit \/ Service<\/option><option value=\"Demande de devis\">Demande de devis<\/option><option value=\"R\u00e9ponse \u00e0 offre d'emploi sur le site\">R\u00e9ponse \u00e0 offre d&#8217;emploi sur le site<\/option><option value=\"Candidature spontan\u00e9e\">Candidature spontan\u00e9e<\/option><option value=\"Autre\">Autre<\/option><\/select><\/td>\n                                                                    <\/div>\n                                                                                                                                                                        <div class=\"form-input form-input__message form-input__name_message\">\n                                                                            <div class=\"form-input--label\">\n                                            <th><label for=\"frm-form_contactblock_a0dd315fd8c6111f7ae44fee5f12ac92-message\" class=\"required\">Message<\/label><\/th>*                                        <\/div>\n                                        <td><textarea name=\"message\" autocomplete=\"off\" placeholder=\"Message\" id=\"frm-form_contactblock_a0dd315fd8c6111f7ae44fee5f12ac92-message\" required data-nette-rules='[{\"op\":\":filled\",\"msg\":\"Merci de renseigner votre message\"}]'><\/textarea><\/td>\n                                                                    <\/div>\n                                                                                                                                                                        <div class=\"form-input form-input__file form-input__name_file\">\n                                                                            <div class=\"form-input--label\">\n                                            <th><label for=\"frm-form_contactblock_a0dd315fd8c6111f7ae44fee5f12ac92-file\">Add a file<\/label><\/th>                                        <\/div>\n                                        <td><input type=\"file\" name=\"file\" class=\"large text\" accept=\".pdf,.doc,.docx,.jpg,.jpeg,.png\" id=\"frm-form_contactblock_a0dd315fd8c6111f7ae44fee5f12ac92-file\" data-nette-rules='[{\"op\":\":fileSize\",\"msg\":\"La taille maximale de fichier est de 10 MB\",\"arg\":10485760}]'><\/td>\n                                                                    <\/div>\n                                                                                                                                                                        <div class=\"form-input form-input__agree form-input__name_agree\">\n                                                                            <label for=\"frm-form_contactblock_a0dd315fd8c6111f7ae44fee5f12ac92-agree\">\n                                            <input type=\"checkbox\" name=\"agree\" id=\"frm-form_contactblock_a0dd315fd8c6111f7ae44fee5f12ac92-agree\" required data-nette-rules='[{\"op\":\":filled\",\"msg\":\"Vous devez accepter les conditions d&#39;utilisation\"}]'>\n                                            <div class=\"checkbox-wrapper\">\n                                                J&#8217;accepte que les informations saisies dans ce formulaire soient utilis\u00e9es pour me recontacter et trait\u00e9es conform\u00e9ment \u00e0 la <a href=\"https:\/\/www.outils-oceans.com\/blog\/mentions-legales\/\" target=\"_blank\">privacy policy<\/a>.\n                                            <\/div>\n                                        <\/label>\n                                                                    <\/div>\n                                                                                                                                                                        <div class=\"form-input form-input__submit form-input__name_send\">\n                                                                            <div class=\"form-input--label\">\n                                            <th><\/th>                                        <\/div>\n                                        <td><button type=\"submit\" name=\"send\" class=\"btn g-recaptcha\" data-sitekey=\"6LcWXpQUAAAAADpchKL3KiFA8lGB8uOYMWKJcTQs\" data-callback=\"onSubmitblock_a0dd315fd8c6111f7ae44fee5f12ac92\" data-action=\"submit\">Send<\/button><\/td>\n                                                                    <\/div>\n                                                                                        <\/div>\n            <\/form>\n\n        <\/div>\n    <\/div>\n    <script>\n                function onSubmitblock_a0dd315fd8c6111f7ae44fee5f12ac92(token) {\n            document.getElementById(\"frm-form_contactblock_a0dd315fd8c6111f7ae44fee5f12ac92\").submit()\n        }\n                    <\/script>\n<\/section>\n\n\n<div class=\"wp-block-group alignfull has-gris-background-color has-background is-layout-constrained wp-block-group-is-layout-constrained\" style=\"margin-bottom:0;padding-top:var(--wp--preset--spacing--60);padding-bottom:var(--wp--preset--spacing--60)\">\n<h2 class=\"wp-block-heading has-text-align-center has-h-5-font-size\" style=\"margin-bottom:var(--wp--preset--spacing--60)\">At Outils Oc\u00e9ans, we are happy to welcome you by appointment for a personalised experience.<\/h2>\n\n\n    <link rel=\"stylesheet\" href=\"https:\/\/unpkg.com\/leaflet@1.9.4\/dist\/leaflet.css\" integrity=\"sha256-p4NxAoJBhIIN+hmNHrzRCf9tD\/miZyoHS5obTRR9BMY=\" crossorigin=\"\"\/>\n\n    <script src=\"https:\/\/unpkg.com\/leaflet@1.9.4\/dist\/leaflet.js\" integrity=\"sha256-20nQCchB9co0qIjJZRGuk2\/Z9VM+kNiyxNV1lvTlZBo=\" crossorigin=\"\"><\/script>\n\n<section class=\"acf carte-et-coordonnees default-align-wide alignwide wp-block-acf-carte-et-coordonnees\" id=\"block_e1bca9c71f3a1542e1bd459a5bcfa5bf\">\n    <div class=\"carte-et-coordonnees__contain\">\n        <div class=\"carte-et-coordonnees__contain__map\">\n                            <div \n                    id=\"map-block_e1bca9c71f3a1542e1bd459a5bcfa5bf\" \n                    class=\"carte-et-coordonnees__contain__map__map\"\n                    data-map-coordinates=\"&#x7B;&quot;latitude&quot;&#x3A;&quot;47.9302749&quot;,&quot;longitude&quot;&#x3A;&quot;-3.979503&quot;,&quot;blockId&quot;&#x3A;&quot;block_e1bca9c71f3a1542e1bd459a5bcfa5bf&quot;,&quot;markerUrl&quot;&#x3A;&quot;https&#x3A;&#x5C;&#x2F;&#x5C;&#x2F;www.outils-oceans.com&#x5C;&#x2F;blog&#x5C;&#x2F;app&#x5C;&#x2F;themes&#x5C;&#x2F;oo_theme&#x5C;&#x2F;images&#x5C;&#x2F;location.svg&quot;&#x7D;\"\n                ><\/div>\n                    <\/div>\n        <div class=\"carte-et-coordonnees__contain__coordonnees\">\n            <div class=\"carte-et-coordonnees__contain__coordonnees__title\">\n                <strong class=\"h5\">Contact details<\/strong>\n            <\/div>\n            <div class=\"carte-et-coordonnees__contain__coordonnees__list\">\n                <ul>\n                                            <li class=\"carte-et-coordonnees__contain__coordonnees__list__item carte-et-coordonnees__contain__coordonnees__list__item--adresse\">\n                            <address>\n                                447, ZA de, La Grande Halte<br \/>\r\n29940 La For\u00eat-Fouesnant\n                            <\/address>\n                        <\/li>\n                                                                <li class=\"carte-et-coordonnees__contain__coordonnees__list__item carte-et-coordonnees__contain__coordonnees__list__item--telephone\">\n                            <a class=\"link\" href=\"tel:02 98 94 63 03\">\n                                02 98 94 63 03\n                            <\/a>\n                        <\/li>\n                                                                <li class=\"carte-et-coordonnees__contain__coordonnees__list__item carte-et-coordonnees__contain__coordonnees__list__item--email\">\n                            <a class=\"link\" href=\"mailto:contact@outils-oceans.com\">\n                                contact@outils-oceans.com\n                            <\/a>\n                        <\/li>\n                                    <\/ul>\n            <\/div>\n        <\/div>\n    <\/div>\n<\/section><\/div>\n","protected":false},"excerpt":{"rendered":"<p>Contact Feel free to contact us ! Our team will handle your request as quickly as possible.We\u2019re available Monday to Friday, from 9\u202fa.m. to 6\u202fp.m. Hope to speak to you soon ! At Outils Oc\u00e9ans, we are happy to welcome you by appointment for a personalised experience.<\/p>\n","protected":false},"author":1,"featured_media":0,"parent":0,"menu_order":0,"comment_status":"closed","ping_status":"closed","template":"","meta":{"_acf_changed":false,"_job_offers_show_list":false,"_job_offers_list_title":"","_job_offers_list_description":"","footnotes":""},"class_list":["post-723","page","type-page","status-publish","hentry"],"acf":[],"yoast_head":"<!-- This site is optimized with the Yoast SEO plugin v27.1.1 - https:\/\/yoast.com\/product\/yoast-seo-wordpress\/ -->\n<title>Contact - Outils Oc\u00e9ans<\/title>\n<meta name=\"robots\" content=\"index, follow, max-snippet:-1, max-image-preview:large, max-video-preview:-1\" \/>\n<link rel=\"canonical\" href=\"https:\/\/www.outils-oceans.com\/blog\/en\/contact-en\/\" \/>\n<meta property=\"og:locale\" content=\"en_US\" \/>\n<meta property=\"og:type\" content=\"article\" \/>\n<meta property=\"og:title\" content=\"Contact - Outils Oc\u00e9ans\" \/>\n<meta property=\"og:description\" content=\"Contact Feel free to contact us ! Our team will handle your request as quickly as possible.We\u2019re available Monday to Friday, from 9\u202fa.m. to 6\u202fp.m. Hope to speak to you soon ! At Outils Oc\u00e9ans, we are happy to welcome you by appointment for a personalised experience.\" \/>\n<meta property=\"og:url\" content=\"https:\/\/www.outils-oceans.com\/blog\/en\/contact-en\/\" \/>\n<meta property=\"og:site_name\" content=\"Outils Oc\u00e9ans\" \/>\n<meta property=\"article:modified_time\" content=\"2025-06-25T09:23:38+00:00\" \/>\n<meta name=\"twitter:card\" content=\"summary_large_image\" \/>\n<meta name=\"twitter:label1\" content=\"Est. reading time\" \/>\n\t<meta name=\"twitter:data1\" content=\"1 minute\" \/>\n<script type=\"application\/ld+json\" class=\"yoast-schema-graph\">{\"@context\":\"https:\/\/schema.org\",\"@graph\":[{\"@type\":\"WebPage\",\"@id\":\"https:\/\/www.outils-oceans.com\/blog\/en\/contact-en\/\",\"url\":\"https:\/\/www.outils-oceans.com\/blog\/en\/contact-en\/\",\"name\":\"Contact - Outils Oc\u00e9ans\",\"isPartOf\":{\"@id\":\"https:\/\/www.outils-oceans.com\/blog\/en\/#website\"},\"datePublished\":\"2025-02-05T14:22:37+00:00\",\"dateModified\":\"2025-06-25T09:23:38+00:00\",\"breadcrumb\":{\"@id\":\"https:\/\/www.outils-oceans.com\/blog\/en\/contact-en\/#breadcrumb\"},\"inLanguage\":\"en-US\",\"potentialAction\":[{\"@type\":\"ReadAction\",\"target\":[\"https:\/\/www.outils-oceans.com\/blog\/en\/contact-en\/\"]}]},{\"@type\":\"BreadcrumbList\",\"@id\":\"https:\/\/www.outils-oceans.com\/blog\/en\/contact-en\/#breadcrumb\",\"itemListElement\":[{\"@type\":\"ListItem\",\"position\":1,\"name\":\"Home\",\"item\":\"https:\/\/www.outils-oceans.com\/blog\/en\/\"},{\"@type\":\"ListItem\",\"position\":2,\"name\":\"Contact\"}]},{\"@type\":\"WebSite\",\"@id\":\"https:\/\/www.outils-oceans.com\/blog\/en\/#website\",\"url\":\"https:\/\/www.outils-oceans.com\/blog\/en\/\",\"name\":\"Outils Oc\u00e9ans\",\"description\":\"\",\"potentialAction\":[{\"@type\":\"SearchAction\",\"target\":{\"@type\":\"EntryPoint\",\"urlTemplate\":\"https:\/\/www.outils-oceans.com\/blog\/en\/?s={search_term_string}\"},\"query-input\":{\"@type\":\"PropertyValueSpecification\",\"valueRequired\":true,\"valueName\":\"search_term_string\"}}],\"inLanguage\":\"en-US\"}]}<\/script>\n<!-- \/ Yoast SEO plugin. -->","yoast_head_json":{"title":"Contact - Outils Oc\u00e9ans","robots":{"index":"index","follow":"follow","max-snippet":"max-snippet:-1","max-image-preview":"max-image-preview:large","max-video-preview":"max-video-preview:-1"},"canonical":"https:\/\/www.outils-oceans.com\/blog\/en\/contact-en\/","og_locale":"en_US","og_type":"article","og_title":"Contact - Outils Oc\u00e9ans","og_description":"Contact Feel free to contact us ! Our team will handle your request as quickly as possible.We\u2019re available Monday to Friday, from 9\u202fa.m. to 6\u202fp.m. Hope to speak to you soon ! At Outils Oc\u00e9ans, we are happy to welcome you by appointment for a personalised experience.","og_url":"https:\/\/www.outils-oceans.com\/blog\/en\/contact-en\/","og_site_name":"Outils Oc\u00e9ans","article_modified_time":"2025-06-25T09:23:38+00:00","twitter_card":"summary_large_image","twitter_misc":{"Est. reading time":"1 minute"},"schema":{"@context":"https:\/\/schema.org","@graph":[{"@type":"WebPage","@id":"https:\/\/www.outils-oceans.com\/blog\/en\/contact-en\/","url":"https:\/\/www.outils-oceans.com\/blog\/en\/contact-en\/","name":"Contact - Outils Oc\u00e9ans","isPartOf":{"@id":"https:\/\/www.outils-oceans.com\/blog\/en\/#website"},"datePublished":"2025-02-05T14:22:37+00:00","dateModified":"2025-06-25T09:23:38+00:00","breadcrumb":{"@id":"https:\/\/www.outils-oceans.com\/blog\/en\/contact-en\/#breadcrumb"},"inLanguage":"en-US","potentialAction":[{"@type":"ReadAction","target":["https:\/\/www.outils-oceans.com\/blog\/en\/contact-en\/"]}]},{"@type":"BreadcrumbList","@id":"https:\/\/www.outils-oceans.com\/blog\/en\/contact-en\/#breadcrumb","itemListElement":[{"@type":"ListItem","position":1,"name":"Home","item":"https:\/\/www.outils-oceans.com\/blog\/en\/"},{"@type":"ListItem","position":2,"name":"Contact"}]},{"@type":"WebSite","@id":"https:\/\/www.outils-oceans.com\/blog\/en\/#website","url":"https:\/\/www.outils-oceans.com\/blog\/en\/","name":"Outils Oc\u00e9ans","description":"","potentialAction":[{"@type":"SearchAction","target":{"@type":"EntryPoint","urlTemplate":"https:\/\/www.outils-oceans.com\/blog\/en\/?s={search_term_string}"},"query-input":{"@type":"PropertyValueSpecification","valueRequired":true,"valueName":"search_term_string"}}],"inLanguage":"en-US"}]}},"_links":{"self":[{"href":"https:\/\/www.outils-oceans.com\/blog\/en\/wp-json\/wp\/v2\/pages\/723","targetHints":{"allow":["GET"]}}],"collection":[{"href":"https:\/\/www.outils-oceans.com\/blog\/en\/wp-json\/wp\/v2\/pages"}],"about":[{"href":"https:\/\/www.outils-oceans.com\/blog\/en\/wp-json\/wp\/v2\/types\/page"}],"author":[{"embeddable":true,"href":"https:\/\/www.outils-oceans.com\/blog\/en\/wp-json\/wp\/v2\/users\/1"}],"replies":[{"embeddable":true,"href":"https:\/\/www.outils-oceans.com\/blog\/en\/wp-json\/wp\/v2\/comments?post=723"}],"version-history":[{"count":2,"href":"https:\/\/www.outils-oceans.com\/blog\/en\/wp-json\/wp\/v2\/pages\/723\/revisions"}],"predecessor-version":[{"id":3630,"href":"https:\/\/www.outils-oceans.com\/blog\/en\/wp-json\/wp\/v2\/pages\/723\/revisions\/3630"}],"wp:attachment":[{"href":"https:\/\/www.outils-oceans.com\/blog\/en\/wp-json\/wp\/v2\/media?parent=723"}],"curies":[{"name":"wp","href":"https:\/\/api.w.org\/{rel}","templated":true}]}}