{"id":2474,"date":"2025-04-08T11:51:57","date_gmt":"2025-04-08T09:51:57","guid":{"rendered":"https:\/\/www.outils-oceans.com\/blog\/?page_id=2474"},"modified":"2025-08-21T15:47:00","modified_gmt":"2025-08-21T13:47:00","slug":"engagement-n1-assurer-un-developpement-economique-responsable-de-lentreprise","status":"publish","type":"page","link":"https:\/\/www.outils-oceans.com\/blog\/engagement-n1-assurer-un-developpement-economique-responsable-de-lentreprise\/","title":{"rendered":"Assurer un d\u00e9veloppement \u00e9conomique responsable de l\u2019entreprise"},"content":{"rendered":"\n<div class=\"wp-block-media-text alignwide is-stacked-on-mobile is-style-shifted-background\" style=\"grid-template-columns:41% auto\"><figure class=\"wp-block-media-text__media\"><img loading=\"lazy\" decoding=\"async\" width=\"1024\" height=\"683\" src=\"https:\/\/www.outils-oceans.com\/blog\/app\/uploads\/2025\/04\/img_1542-1024x683.jpg\" alt=\"Img 1542\" class=\"wp-image-2482 size-full\" srcset=\"https:\/\/www.outils-oceans.com\/blog\/app\/uploads\/2025\/04\/img_1542-1024x683.jpg 1024w, https:\/\/www.outils-oceans.com\/blog\/app\/uploads\/2025\/04\/img_1542-300x200.jpg 300w, https:\/\/www.outils-oceans.com\/blog\/app\/uploads\/2025\/04\/img_1542-768x512.jpg 768w, https:\/\/www.outils-oceans.com\/blog\/app\/uploads\/2025\/04\/img_1542-1536x1024.jpg 1536w, https:\/\/www.outils-oceans.com\/blog\/app\/uploads\/2025\/04\/img_1542.jpg 1588w\" sizes=\"auto, (max-width: 1024px) 100vw, 1024px\" \/><\/figure><div class=\"wp-block-media-text__content\">\n<h2 class=\"wp-block-heading has-color-1-color has-text-color has-link-color has-h-4-font-size wp-elements-c03749859badffcaa7eb457c7d08c3fb\">Production et politique de prix responsables<\/h2>\n\n\n\n<p>Nous pratiquons la<strong><mark style=\"background-color:rgba(0, 0, 0, 0)\" class=\"has-inline-color has-color-1-color\"> transparence quant \u00e0 la fabrication des produits <\/mark><\/strong>et la politique tarifaire. Les clients sont inform\u00e9s des conditions de fabrication, de la dur\u00e9e de vie des produits, des conditions optimales d\u2019usage et des conditions de SAV. Le calcul des prix tient compte \u00e0 la fois des co\u00fbts mais aussi des ressources et attentes des clients.<\/p>\n\n\n\n<p>Outils Oc\u00e9ans apporte des <strong><mark style=\"background-color:rgba(0, 0, 0, 0)\" class=\"has-inline-color has-color-1-color\">solutions innovantes, sp\u00e9cifiques et globales<\/mark><\/strong> \u00e0 ses clients destin\u00e9es \u00e0 am\u00e9liorer la productivit\u00e9, la qualit\u00e9 et la s\u00e9curit\u00e9. Ces solutions cr\u00e9ent de la valeur ajout\u00e9e \u00e0 la fois pour Outils Oc\u00e9ans et ses clients. <\/p>\n\n\n\n<p><strong><mark style=\"background-color:rgba(0, 0, 0, 0)\" class=\"has-inline-color has-color-1-color\">Une part de cette valeur ajout\u00e9e peut \u00eatre r\u00e9investie dans des actions de d\u00e9veloppement durable.<\/mark><\/strong><\/p>\n<\/div><\/div>\n\n\n\n<div class=\"wp-block-media-text alignwide has-media-on-the-right is-stacked-on-mobile is-style-shifted-background\" style=\"grid-template-columns:auto 41%\"><div class=\"wp-block-media-text__content\">\n<h2 class=\"wp-block-heading has-color-1-color has-text-color has-link-color has-h-4-font-size wp-elements-e4941486bc3ae404fb63d11a5c4260aa\">Partenariat clients<\/h2>\n\n\n\n<p>Notre d\u00e9marche aupr\u00e8s du client place en premier lieu le <strong><mark style=\"background-color:rgba(0, 0, 0, 0)\" class=\"has-inline-color has-color-1-color\">diagnostic et le conseil,<\/mark><\/strong> puis les m\u00e9thodes de travail avant de proposer des solutions et \u00e9quipements. <\/p>\n\n\n\n<p>Chaque client b\u00e9n\u00e9ficie d\u2019un<strong><mark style=\"background-color:rgba(0, 0, 0, 0)\" class=\"has-inline-color has-color-1-color\"> interlocuteur privil\u00e9gi\u00e9<\/mark><\/strong> \u00e0 la fois professionnel, proche de lui et disponible.<\/p>\n\n\n\n<p>Outils Oc\u00e9ans garantit le<strong><mark style=\"background-color:rgba(0, 0, 0, 0)\" class=\"has-inline-color has-color-1-color\"> respect des engagements<\/mark><\/strong> aupr\u00e8s de ses clients aussi bien contractuels que moraux.<\/p>\n<\/div><figure class=\"wp-block-media-text__media\"><img loading=\"lazy\" decoding=\"async\" width=\"1024\" height=\"683\" src=\"https:\/\/www.outils-oceans.com\/blog\/app\/uploads\/2025\/04\/img_3086-1024x683.jpg\" alt=\"Img 3086\" class=\"wp-image-2486 size-full\" srcset=\"https:\/\/www.outils-oceans.com\/blog\/app\/uploads\/2025\/04\/img_3086-1024x683.jpg 1024w, https:\/\/www.outils-oceans.com\/blog\/app\/uploads\/2025\/04\/img_3086-300x200.jpg 300w, https:\/\/www.outils-oceans.com\/blog\/app\/uploads\/2025\/04\/img_3086-768x512.jpg 768w, https:\/\/www.outils-oceans.com\/blog\/app\/uploads\/2025\/04\/img_3086-1536x1024.jpg 1536w, https:\/\/www.outils-oceans.com\/blog\/app\/uploads\/2025\/04\/img_3086.jpg 1953w\" sizes=\"auto, (max-width: 1024px) 100vw, 1024px\" \/><\/figure><\/div>\n\n\n\n<div class=\"wp-block-media-text alignwide is-stacked-on-mobile is-style-shifted-background\" style=\"grid-template-columns:41% auto\"><figure class=\"wp-block-media-text__media\"><img loading=\"lazy\" decoding=\"async\" width=\"1024\" height=\"683\" src=\"https:\/\/www.outils-oceans.com\/blog\/app\/uploads\/2025\/08\/benderoche-164-min-1-1024x683.jpg\" alt=\"Benderoche (164) Min (1)\" class=\"wp-image-4107 size-full\" srcset=\"https:\/\/www.outils-oceans.com\/blog\/app\/uploads\/2025\/08\/benderoche-164-min-1-1024x683.jpg 1024w, https:\/\/www.outils-oceans.com\/blog\/app\/uploads\/2025\/08\/benderoche-164-min-1-300x200.jpg 300w, https:\/\/www.outils-oceans.com\/blog\/app\/uploads\/2025\/08\/benderoche-164-min-1-768x512.jpg 768w, https:\/\/www.outils-oceans.com\/blog\/app\/uploads\/2025\/08\/benderoche-164-min-1-1536x1024.jpg 1536w, https:\/\/www.outils-oceans.com\/blog\/app\/uploads\/2025\/08\/benderoche-164-min-1-2048x1365.jpg 2048w\" sizes=\"auto, (max-width: 1024px) 100vw, 1024px\" \/><\/figure><div class=\"wp-block-media-text__content\">\n<h2 class=\"wp-block-heading has-color-1-color has-text-color has-link-color has-h-4-font-size wp-elements-c4c71f3612b5f97a368899dbd2609fa5\">Achats responsables<\/h2>\n\n\n\n<p>Nous \u00e9tablissons des<strong><mark style=\"background-color:rgba(0, 0, 0, 0)\" class=\"has-inline-color has-color-1-color\"> relations durables avec nos fournisseurs<\/mark><\/strong> bas\u00e9es sur le respect mutuel, la transparence et la confiance. Nous choisissons des <strong><mark style=\"background-color:rgba(0, 0, 0, 0)\" class=\"has-inline-color has-color-1-color\">fournisseurs engag\u00e9s<\/mark><\/strong> dans la conformit\u00e9 aux normes environnementales et sociales.<\/p>\n\n\n\n<p>Nous travaillons en collaboration avec nos fournisseurs pour les cahiers des charges mati\u00e8res et produits.<\/p>\n\n\n\n<p>Nous contr\u00f4lons la conformit\u00e9 des produits ou prestations et assurons une tra\u00e7abilit\u00e9 des mati\u00e8res premi\u00e8res aux produits finis.<\/p>\n<\/div><\/div>\n","protected":false},"excerpt":{"rendered":"<p>Production et politique de prix responsables Nous pratiquons la transparence quant \u00e0 la fabrication des produits et la politique tarifaire. Les clients sont inform\u00e9s des conditions de fabrication, de la dur\u00e9e de vie des produits, des conditions optimales d\u2019usage et des conditions de SAV. Le calcul des prix tient compte \u00e0 la fois des co\u00fbts [&hellip;]<\/p>\n","protected":false},"author":2,"featured_media":0,"parent":0,"menu_order":0,"comment_status":"closed","ping_status":"closed","template":"","meta":{"_acf_changed":false,"_job_offers_show_list":false,"_job_offers_list_title":"","_job_offers_list_description":"","footnotes":""},"class_list":["post-2474","page","type-page","status-publish","hentry"],"acf":[],"yoast_head":"<!-- This site is optimized with the Yoast SEO plugin v27.1.1 - https:\/\/yoast.com\/product\/yoast-seo-wordpress\/ -->\n<title>Assurer un d\u00e9veloppement \u00e9conomique responsable de l\u2019entreprise - Outils Oc\u00e9ans<\/title>\n<meta name=\"robots\" content=\"index, follow, max-snippet:-1, max-image-preview:large, max-video-preview:-1\" \/>\n<link rel=\"canonical\" href=\"https:\/\/www.outils-oceans.com\/blog\/engagement-n1-assurer-un-developpement-economique-responsable-de-lentreprise\/\" \/>\n<meta property=\"og:locale\" content=\"fr_FR\" \/>\n<meta property=\"og:type\" content=\"article\" \/>\n<meta property=\"og:title\" content=\"Assurer un d\u00e9veloppement \u00e9conomique responsable de l\u2019entreprise - Outils Oc\u00e9ans\" \/>\n<meta property=\"og:description\" content=\"Production et politique de prix responsables Nous pratiquons la transparence quant \u00e0 la fabrication des produits et la politique tarifaire. Les clients sont inform\u00e9s des conditions de fabrication, de la dur\u00e9e de vie des produits, des conditions optimales d\u2019usage et des conditions de SAV. Le calcul des prix tient compte \u00e0 la fois des co\u00fbts [&hellip;]\" \/>\n<meta property=\"og:url\" content=\"https:\/\/www.outils-oceans.com\/blog\/engagement-n1-assurer-un-developpement-economique-responsable-de-lentreprise\/\" \/>\n<meta property=\"og:site_name\" content=\"Outils Oc\u00e9ans\" \/>\n<meta property=\"article:modified_time\" content=\"2025-08-21T13:47:00+00:00\" \/>\n<meta property=\"og:image\" content=\"https:\/\/www.outils-oceans.com\/blog\/app\/uploads\/2025\/04\/img_1542-1024x683.jpg\" \/>\n<meta name=\"twitter:card\" content=\"summary_large_image\" \/>\n<meta name=\"twitter:label1\" content=\"Dur\u00e9e de lecture estim\u00e9e\" \/>\n\t<meta name=\"twitter:data1\" content=\"2 minutes\" \/>\n<script type=\"application\/ld+json\" class=\"yoast-schema-graph\">{\"@context\":\"https:\/\/schema.org\",\"@graph\":[{\"@type\":\"WebPage\",\"@id\":\"https:\/\/www.outils-oceans.com\/blog\/engagement-n1-assurer-un-developpement-economique-responsable-de-lentreprise\/\",\"url\":\"https:\/\/www.outils-oceans.com\/blog\/engagement-n1-assurer-un-developpement-economique-responsable-de-lentreprise\/\",\"name\":\"Assurer un d\u00e9veloppement \u00e9conomique responsable de l\u2019entreprise - Outils Oc\u00e9ans\",\"isPartOf\":{\"@id\":\"https:\/\/www.outils-oceans.com\/blog\/#website\"},\"primaryImageOfPage\":{\"@id\":\"https:\/\/www.outils-oceans.com\/blog\/engagement-n1-assurer-un-developpement-economique-responsable-de-lentreprise\/#primaryimage\"},\"image\":{\"@id\":\"https:\/\/www.outils-oceans.com\/blog\/engagement-n1-assurer-un-developpement-economique-responsable-de-lentreprise\/#primaryimage\"},\"thumbnailUrl\":\"https:\/\/www.outils-oceans.com\/blog\/app\/uploads\/2025\/04\/img_1542-1024x683.jpg\",\"datePublished\":\"2025-04-08T09:51:57+00:00\",\"dateModified\":\"2025-08-21T13:47:00+00:00\",\"breadcrumb\":{\"@id\":\"https:\/\/www.outils-oceans.com\/blog\/engagement-n1-assurer-un-developpement-economique-responsable-de-lentreprise\/#breadcrumb\"},\"inLanguage\":\"fr-FR\",\"potentialAction\":[{\"@type\":\"ReadAction\",\"target\":[\"https:\/\/www.outils-oceans.com\/blog\/engagement-n1-assurer-un-developpement-economique-responsable-de-lentreprise\/\"]}]},{\"@type\":\"ImageObject\",\"inLanguage\":\"fr-FR\",\"@id\":\"https:\/\/www.outils-oceans.com\/blog\/engagement-n1-assurer-un-developpement-economique-responsable-de-lentreprise\/#primaryimage\",\"url\":\"https:\/\/www.outils-oceans.com\/blog\/app\/uploads\/2025\/04\/img_1542.jpg\",\"contentUrl\":\"https:\/\/www.outils-oceans.com\/blog\/app\/uploads\/2025\/04\/img_1542.jpg\",\"width\":1588,\"height\":1059,\"caption\":\"Img 1542\"},{\"@type\":\"BreadcrumbList\",\"@id\":\"https:\/\/www.outils-oceans.com\/blog\/engagement-n1-assurer-un-developpement-economique-responsable-de-lentreprise\/#breadcrumb\",\"itemListElement\":[{\"@type\":\"ListItem\",\"position\":1,\"name\":\"Accueil\",\"item\":\"https:\/\/www.outils-oceans.com\/blog\/\"},{\"@type\":\"ListItem\",\"position\":2,\"name\":\"Assurer un d\u00e9veloppement \u00e9conomique responsable de l\u2019entreprise\"}]},{\"@type\":\"WebSite\",\"@id\":\"https:\/\/www.outils-oceans.com\/blog\/#website\",\"url\":\"https:\/\/www.outils-oceans.com\/blog\/\",\"name\":\"Outils Oc\u00e9ans\",\"description\":\"\",\"potentialAction\":[{\"@type\":\"SearchAction\",\"target\":{\"@type\":\"EntryPoint\",\"urlTemplate\":\"https:\/\/www.outils-oceans.com\/blog\/?s={search_term_string}\"},\"query-input\":{\"@type\":\"PropertyValueSpecification\",\"valueRequired\":true,\"valueName\":\"search_term_string\"}}],\"inLanguage\":\"fr-FR\"}]}<\/script>\n<!-- \/ Yoast SEO plugin. -->","yoast_head_json":{"title":"Assurer un d\u00e9veloppement \u00e9conomique responsable de l\u2019entreprise - Outils Oc\u00e9ans","robots":{"index":"index","follow":"follow","max-snippet":"max-snippet:-1","max-image-preview":"max-image-preview:large","max-video-preview":"max-video-preview:-1"},"canonical":"https:\/\/www.outils-oceans.com\/blog\/engagement-n1-assurer-un-developpement-economique-responsable-de-lentreprise\/","og_locale":"fr_FR","og_type":"article","og_title":"Assurer un d\u00e9veloppement \u00e9conomique responsable de l\u2019entreprise - Outils Oc\u00e9ans","og_description":"Production et politique de prix responsables Nous pratiquons la transparence quant \u00e0 la fabrication des produits et la politique tarifaire. Les clients sont inform\u00e9s des conditions de fabrication, de la dur\u00e9e de vie des produits, des conditions optimales d\u2019usage et des conditions de SAV. Le calcul des prix tient compte \u00e0 la fois des co\u00fbts [&hellip;]","og_url":"https:\/\/www.outils-oceans.com\/blog\/engagement-n1-assurer-un-developpement-economique-responsable-de-lentreprise\/","og_site_name":"Outils Oc\u00e9ans","article_modified_time":"2025-08-21T13:47:00+00:00","og_image":[{"url":"https:\/\/www.outils-oceans.com\/blog\/app\/uploads\/2025\/04\/img_1542-1024x683.jpg","type":"","width":"","height":""}],"twitter_card":"summary_large_image","twitter_misc":{"Dur\u00e9e de lecture estim\u00e9e":"2 minutes"},"schema":{"@context":"https:\/\/schema.org","@graph":[{"@type":"WebPage","@id":"https:\/\/www.outils-oceans.com\/blog\/engagement-n1-assurer-un-developpement-economique-responsable-de-lentreprise\/","url":"https:\/\/www.outils-oceans.com\/blog\/engagement-n1-assurer-un-developpement-economique-responsable-de-lentreprise\/","name":"Assurer un d\u00e9veloppement \u00e9conomique responsable de l\u2019entreprise - Outils Oc\u00e9ans","isPartOf":{"@id":"https:\/\/www.outils-oceans.com\/blog\/#website"},"primaryImageOfPage":{"@id":"https:\/\/www.outils-oceans.com\/blog\/engagement-n1-assurer-un-developpement-economique-responsable-de-lentreprise\/#primaryimage"},"image":{"@id":"https:\/\/www.outils-oceans.com\/blog\/engagement-n1-assurer-un-developpement-economique-responsable-de-lentreprise\/#primaryimage"},"thumbnailUrl":"https:\/\/www.outils-oceans.com\/blog\/app\/uploads\/2025\/04\/img_1542-1024x683.jpg","datePublished":"2025-04-08T09:51:57+00:00","dateModified":"2025-08-21T13:47:00+00:00","breadcrumb":{"@id":"https:\/\/www.outils-oceans.com\/blog\/engagement-n1-assurer-un-developpement-economique-responsable-de-lentreprise\/#breadcrumb"},"inLanguage":"fr-FR","potentialAction":[{"@type":"ReadAction","target":["https:\/\/www.outils-oceans.com\/blog\/engagement-n1-assurer-un-developpement-economique-responsable-de-lentreprise\/"]}]},{"@type":"ImageObject","inLanguage":"fr-FR","@id":"https:\/\/www.outils-oceans.com\/blog\/engagement-n1-assurer-un-developpement-economique-responsable-de-lentreprise\/#primaryimage","url":"https:\/\/www.outils-oceans.com\/blog\/app\/uploads\/2025\/04\/img_1542.jpg","contentUrl":"https:\/\/www.outils-oceans.com\/blog\/app\/uploads\/2025\/04\/img_1542.jpg","width":1588,"height":1059,"caption":"Img 1542"},{"@type":"BreadcrumbList","@id":"https:\/\/www.outils-oceans.com\/blog\/engagement-n1-assurer-un-developpement-economique-responsable-de-lentreprise\/#breadcrumb","itemListElement":[{"@type":"ListItem","position":1,"name":"Accueil","item":"https:\/\/www.outils-oceans.com\/blog\/"},{"@type":"ListItem","position":2,"name":"Assurer un d\u00e9veloppement \u00e9conomique responsable de l\u2019entreprise"}]},{"@type":"WebSite","@id":"https:\/\/www.outils-oceans.com\/blog\/#website","url":"https:\/\/www.outils-oceans.com\/blog\/","name":"Outils Oc\u00e9ans","description":"","potentialAction":[{"@type":"SearchAction","target":{"@type":"EntryPoint","urlTemplate":"https:\/\/www.outils-oceans.com\/blog\/?s={search_term_string}"},"query-input":{"@type":"PropertyValueSpecification","valueRequired":true,"valueName":"search_term_string"}}],"inLanguage":"fr-FR"}]}},"_links":{"self":[{"href":"https:\/\/www.outils-oceans.com\/blog\/wp-json\/wp\/v2\/pages\/2474","targetHints":{"allow":["GET"]}}],"collection":[{"href":"https:\/\/www.outils-oceans.com\/blog\/wp-json\/wp\/v2\/pages"}],"about":[{"href":"https:\/\/www.outils-oceans.com\/blog\/wp-json\/wp\/v2\/types\/page"}],"author":[{"embeddable":true,"href":"https:\/\/www.outils-oceans.com\/blog\/wp-json\/wp\/v2\/users\/2"}],"replies":[{"embeddable":true,"href":"https:\/\/www.outils-oceans.com\/blog\/wp-json\/wp\/v2\/comments?post=2474"}],"version-history":[{"count":10,"href":"https:\/\/www.outils-oceans.com\/blog\/wp-json\/wp\/v2\/pages\/2474\/revisions"}],"predecessor-version":[{"id":4197,"href":"https:\/\/www.outils-oceans.com\/blog\/wp-json\/wp\/v2\/pages\/2474\/revisions\/4197"}],"wp:attachment":[{"href":"https:\/\/www.outils-oceans.com\/blog\/wp-json\/wp\/v2\/media?parent=2474"}],"curies":[{"name":"wp","href":"https:\/\/api.w.org\/{rel}","templated":true}]}}