{"id":486,"date":"2025-02-06T17:32:40","date_gmt":"2025-02-06T16:32:40","guid":{"rendered":"https:\/\/www.outils-oceans.com\/blog\/?page_id=486"},"modified":"2025-09-02T09:12:53","modified_gmt":"2025-09-02T07:12:53","slug":"valeurs","status":"publish","type":"page","link":"https:\/\/www.outils-oceans.com\/blog\/notre-entreprise\/valeurs\/","title":{"rendered":"Nos valeurs"},"content":{"rendered":"\n<div class=\"wp-block-group is-layout-constrained wp-block-group-is-layout-constrained\">\n<h1 class=\"wp-block-heading has-text-align-center has-color-1-color has-text-color has-link-color wp-elements-3484475fe0b4e8cf94f9d59da23d726c\">Nos valeurs<\/h1>\n\n\n\n<p class=\"has-text-align-center\">Chez <strong>Outils Oc\u00e9ans<\/strong>, notre histoire, notre expertise et notre engagement se refl\u00e8tent dans les valeurs qui guident chacune de nos actions. Ces piliers constituent l\u2019ADN de notre entreprise et nous permettent d\u2019accompagner nos clients durablement, avec exigence et confiance.<\/p>\n<\/div>\n\n\n\n<div class=\"wp-block-group alignwide is-layout-constrained wp-block-group-is-layout-constrained\">\n<div class=\"wp-block-media-text alignwide has-media-on-the-right is-stacked-on-mobile is-style-shifted-background\" style=\"grid-template-columns:auto 41%\" id=\"innovation\"><div class=\"wp-block-media-text__content\">\n<figure class=\"wp-block-image aligncenter size-full is-resized\"><img loading=\"lazy\" decoding=\"async\" width=\"67\" height=\"89\" src=\"https:\/\/www.outils-oceans.com\/blog\/app\/uploads\/2025\/04\/3.couleuroo-1.png\" alt=\"3.couleuroo\" class=\"wp-image-1251\" style=\"width:63px;height:auto\"\/><\/figure>\n\n\n\n<h2 class=\"wp-block-heading has-color-1-color has-text-color has-link-color has-h-4-font-size wp-elements-b1471d2153aa00beed4bb03904f22f7a\"><strong>Innovation<\/strong> : le moteur de notre d\u00e9veloppement<\/h2>\n\n\n\n<p>L\u2019innovation est au c\u0153ur de la philosophie d\u2019Outils Oc\u00e9ans. Depuis plus de 35 ans, nous testons et int\u00e9grons de nouveaux mat\u00e9riaux et technologies pour proposer des solutions toujours plus performantes.<br>Notre bureau d\u2019\u00e9tude con\u00e7oit des produits pens\u00e9s pour l\u2019ergonomie, la durabilit\u00e9 et la r\u00e9parabilit\u00e9, tout en veillant \u00e0 limiter l\u2019impact environnemental gr\u00e2ce \u00e0 une approche d\u2019\u00e9co-conception.<\/p>\n<\/div><figure class=\"wp-block-media-text__media\"><img loading=\"lazy\" decoding=\"async\" width=\"1024\" height=\"683\" src=\"https:\/\/www.outils-oceans.com\/blog\/app\/uploads\/2025\/08\/benderoche-271-1024x683.jpg\" alt=\"Benderoche (271)\" class=\"wp-image-4159 size-full\" srcset=\"https:\/\/www.outils-oceans.com\/blog\/app\/uploads\/2025\/08\/benderoche-271-1024x683.jpg 1024w, https:\/\/www.outils-oceans.com\/blog\/app\/uploads\/2025\/08\/benderoche-271-300x200.jpg 300w, https:\/\/www.outils-oceans.com\/blog\/app\/uploads\/2025\/08\/benderoche-271-768x512.jpg 768w, https:\/\/www.outils-oceans.com\/blog\/app\/uploads\/2025\/08\/benderoche-271-1536x1024.jpg 1536w, https:\/\/www.outils-oceans.com\/blog\/app\/uploads\/2025\/08\/benderoche-271-2048x1365.jpg 2048w\" sizes=\"auto, (max-width: 1024px) 100vw, 1024px\" \/><\/figure><\/div>\n<\/div>\n\n\n\n<div class=\"wp-block-group alignwide is-layout-constrained wp-block-group-is-layout-constrained\">\n<div class=\"wp-block-media-text alignwide is-stacked-on-mobile is-style-shifted-background\" style=\"grid-template-columns:41% auto\" id=\"engagement\"><figure class=\"wp-block-media-text__media\"><img loading=\"lazy\" decoding=\"async\" width=\"1024\" height=\"683\" src=\"https:\/\/www.outils-oceans.com\/blog\/app\/uploads\/2025\/08\/outils-oce_ans-juin-2023-242-1024x683.jpg\" alt=\"Outils Oce Ans Juin 2023 242\" class=\"wp-image-4153 size-full\" srcset=\"https:\/\/www.outils-oceans.com\/blog\/app\/uploads\/2025\/08\/outils-oce_ans-juin-2023-242-1024x683.jpg 1024w, https:\/\/www.outils-oceans.com\/blog\/app\/uploads\/2025\/08\/outils-oce_ans-juin-2023-242-300x200.jpg 300w, https:\/\/www.outils-oceans.com\/blog\/app\/uploads\/2025\/08\/outils-oce_ans-juin-2023-242-768x512.jpg 768w, https:\/\/www.outils-oceans.com\/blog\/app\/uploads\/2025\/08\/outils-oce_ans-juin-2023-242-1536x1025.jpg 1536w, https:\/\/www.outils-oceans.com\/blog\/app\/uploads\/2025\/08\/outils-oce_ans-juin-2023-242-2048x1367.jpg 2048w\" sizes=\"auto, (max-width: 1024px) 100vw, 1024px\" \/><\/figure><div class=\"wp-block-media-text__content\">\n<figure class=\"wp-block-image size-full is-resized\"><img loading=\"lazy\" decoding=\"async\" width=\"90\" height=\"93\" src=\"https:\/\/www.outils-oceans.com\/blog\/app\/uploads\/2025\/04\/10_couleuroo-2.png\" alt=\"10 Couleuroo\" class=\"wp-image-1239\" style=\"width:63px;height:auto\"\/><\/figure>\n\n\n\n<h2 class=\"wp-block-heading has-color-1-color has-text-color has-link-color has-h-4-font-size wp-elements-70b49b667d2789843c72abb0b8dfe165\"><strong>Engagement<\/strong> : un partenariat durable<\/h2>\n\n\n\n<p>Notre \u00e9quipage s\u2019engage bien au-del\u00e0 de la simple relation contractuelle. Chaque projet est men\u00e9 avec rigueur et transparence, dans le respect de notre charte de d\u00e9veloppement durable et RSE.<br>Notre objectif : construire avec nos clients et partenaires des collaborations p\u00e9rennes, cr\u00e9atrices de valeur et respectueuses des hommes comme de l\u2019environnement.<\/p>\n<\/div><\/div>\n<\/div>\n\n\n\n<div class=\"wp-block-group alignwide is-layout-constrained wp-block-group-is-layout-constrained\">\n<div class=\"wp-block-media-text alignwide has-media-on-the-right is-stacked-on-mobile is-style-shifted-background\" style=\"grid-template-columns:auto 41%\" id=\"confiance\"><div class=\"wp-block-media-text__content\">\n<figure class=\"wp-block-image size-full is-resized\"><img loading=\"lazy\" decoding=\"async\" width=\"128\" height=\"128\" src=\"https:\/\/www.outils-oceans.com\/blog\/app\/uploads\/2025\/08\/confiance-1.png\" alt=\"Confiance (1)\" class=\"wp-image-4065\" style=\"width:63px;height:auto\"\/><\/figure>\n\n\n\n<h2 class=\"wp-block-heading has-color-1-color has-text-color has-link-color has-h-4-font-size wp-elements-7883d6908c76df20a2da63ebda1b539c\">Confiance : des relations inscrites dans le temps<\/h2>\n\n\n\n<p>La confiance est notre plus belle r\u00e9ussite. Elle se construit jour apr\u00e8s jour gr\u00e2ce \u00e0 une \u00e9coute active, des conseils experts et un accompagnement personnalis\u00e9.<br>Parce que nos produits comme nos relations sont con\u00e7us pour durer, nous faisons de cette confiance le socle de toutes nos interactions avec nos clients, fournisseurs et partenaires.<\/p>\n<\/div><figure class=\"wp-block-media-text__media\"><img loading=\"lazy\" decoding=\"async\" width=\"1024\" height=\"683\" src=\"https:\/\/www.outils-oceans.com\/blog\/app\/uploads\/2025\/08\/outils-oce_ans-juin-2023-45-1024x683.jpg\" alt=\"Outils Oce Ans Juin 2023 45\" class=\"wp-image-4151 size-full\" srcset=\"https:\/\/www.outils-oceans.com\/blog\/app\/uploads\/2025\/08\/outils-oce_ans-juin-2023-45-1024x683.jpg 1024w, https:\/\/www.outils-oceans.com\/blog\/app\/uploads\/2025\/08\/outils-oce_ans-juin-2023-45-300x200.jpg 300w, https:\/\/www.outils-oceans.com\/blog\/app\/uploads\/2025\/08\/outils-oce_ans-juin-2023-45-768x512.jpg 768w, https:\/\/www.outils-oceans.com\/blog\/app\/uploads\/2025\/08\/outils-oce_ans-juin-2023-45-1536x1024.jpg 1536w, https:\/\/www.outils-oceans.com\/blog\/app\/uploads\/2025\/08\/outils-oce_ans-juin-2023-45-2048x1365.jpg 2048w\" sizes=\"auto, (max-width: 1024px) 100vw, 1024px\" \/><\/figure><\/div>\n<\/div>\n\n\n\n<div class=\"wp-block-group alignwide is-layout-constrained wp-block-group-is-layout-constrained\">\n<div class=\"wp-block-media-text alignwide is-stacked-on-mobile is-style-shifted-background\" style=\"grid-template-columns:41% auto\" id=\"humain\"><figure class=\"wp-block-media-text__media\"><img loading=\"lazy\" decoding=\"async\" width=\"1024\" height=\"683\" src=\"https:\/\/www.outils-oceans.com\/blog\/app\/uploads\/2025\/08\/00225outils-oce_ans-juin-2021-1024x683.jpg\" alt=\"00225outils Oce Ans Juin 2021\" class=\"wp-image-4157 size-full\" srcset=\"https:\/\/www.outils-oceans.com\/blog\/app\/uploads\/2025\/08\/00225outils-oce_ans-juin-2021-1024x683.jpg 1024w, https:\/\/www.outils-oceans.com\/blog\/app\/uploads\/2025\/08\/00225outils-oce_ans-juin-2021-300x200.jpg 300w, https:\/\/www.outils-oceans.com\/blog\/app\/uploads\/2025\/08\/00225outils-oce_ans-juin-2021-768x512.jpg 768w, https:\/\/www.outils-oceans.com\/blog\/app\/uploads\/2025\/08\/00225outils-oce_ans-juin-2021-1536x1025.jpg 1536w, https:\/\/www.outils-oceans.com\/blog\/app\/uploads\/2025\/08\/00225outils-oce_ans-juin-2021-2048x1367.jpg 2048w\" sizes=\"auto, (max-width: 1024px) 100vw, 1024px\" \/><\/figure><div class=\"wp-block-media-text__content\">\n<figure class=\"wp-block-image size-full is-resized\"><img loading=\"lazy\" decoding=\"async\" width=\"100\" height=\"57\" src=\"https:\/\/www.outils-oceans.com\/blog\/app\/uploads\/2025\/04\/8.couleuroo-1.png\" alt=\"8..couleuroo\" class=\"wp-image-1255\" style=\"width:63px;height:auto\"\/><\/figure>\n\n\n\n<h2 class=\"wp-block-heading has-color-1-color has-text-color has-link-color has-h-4-font-size wp-elements-bf1feb9545e991abb6417b405830017c\"><strong>Humain<\/strong> : au c\u0153ur de notre d\u00e9marche<\/h2>\n\n\n\n<p>Entreprise \u00e0 taille humaine, Outils Oc\u00e9ans place les femmes et les hommes au centre de sa d\u00e9marche.<br>En interne, nous privil\u00e9gions le maintien de l\u2019emploi industriel en France, dans des conditions de travail \u00e9panouissantes et stimulantes.<br>En externe, nous garantissons \u00e0 chacun de nos clients un suivi personnalis\u00e9 assur\u00e9 par un interlocuteur expert m\u00e9tier d\u00e9di\u00e9.<\/p>\n<\/div><\/div>\n<\/div>\n\n\n\n<div class=\"wp-block-group alignwide has-gris-background-color has-background is-layout-constrained wp-container-core-group-is-layout-a6d446a0 wp-block-group-is-layout-constrained\" style=\"padding-top:var(--wp--preset--spacing--70);padding-right:var(--wp--preset--spacing--60);padding-bottom:var(--wp--preset--spacing--70);padding-left:var(--wp--preset--spacing--60)\">\n<h2 class=\"wp-block-heading has-text-align-center has-color-1-color has-text-color has-link-color has-h-3-font-size wp-elements-7059155251e940ca563164c3d768be9d\">Vous souhaitez rejoindre l\u2019\u00e9quipe ?<\/h2>\n\n\n\n<p class=\"has-text-align-center\">L\u2019Humain fait partie des valeurs fondatrices d\u2019Outils Oc\u00e9ans. Cela se traduit dans toutes nos relations&nbsp;:&nbsp;que ce soit en externe avec nos partenaires clients et fournisseurs\u2026 mais aussi et surtout en interne avec nos collaborateurs.<\/p>\n\n\n\n<p class=\"has-text-align-center\">Embarquez avec nous et devenez membre de l\u2019\u00e9quipage Outils Oc\u00e9ans&nbsp;!<\/p>\n\n\n\n<div class=\"wp-block-buttons is-content-justification-center is-layout-flex wp-container-core-buttons-is-layout-a89b3969 wp-block-buttons-is-layout-flex\">\n<div class=\"wp-block-button is-style-underlink\"><a class=\"wp-block-button__link wp-element-button\" href=\"https:\/\/www.outils-oceans.com\/blog\/nous-rejoindre\/\">Nous rejoindre<\/a><\/div>\n<\/div>\n<\/div>\n\n\n\n<p><\/p>\n","protected":false},"excerpt":{"rendered":"<p>Nos valeurs Chez Outils Oc\u00e9ans, notre histoire, notre expertise et notre engagement se refl\u00e8tent dans les valeurs qui guident chacune de nos actions. Ces piliers constituent l\u2019ADN de notre entreprise et nous permettent d\u2019accompagner nos clients durablement, avec exigence et confiance. Innovation : le moteur de notre d\u00e9veloppement L\u2019innovation est au c\u0153ur de la philosophie [&hellip;]<\/p>\n","protected":false},"author":1,"featured_media":0,"parent":356,"menu_order":0,"comment_status":"closed","ping_status":"closed","template":"","meta":{"_acf_changed":false,"_job_offers_show_list":false,"_job_offers_list_title":"","_job_offers_list_description":"","footnotes":""},"class_list":["post-486","page","type-page","status-publish","hentry"],"acf":[],"yoast_head":"<!-- This site is optimized with the Yoast SEO plugin v27.1.1 - https:\/\/yoast.com\/product\/yoast-seo-wordpress\/ -->\n<title>Nos valeurs - Outils Oc\u00e9ans<\/title>\n<meta name=\"robots\" content=\"index, follow, max-snippet:-1, max-image-preview:large, max-video-preview:-1\" \/>\n<link rel=\"canonical\" href=\"https:\/\/www.outils-oceans.com\/blog\/notre-entreprise\/valeurs\/\" \/>\n<meta property=\"og:locale\" content=\"fr_FR\" \/>\n<meta property=\"og:type\" content=\"article\" \/>\n<meta property=\"og:title\" content=\"Nos valeurs - Outils Oc\u00e9ans\" \/>\n<meta property=\"og:description\" content=\"Nos valeurs Chez Outils Oc\u00e9ans, notre histoire, notre expertise et notre engagement se refl\u00e8tent dans les valeurs qui guident chacune de nos actions. Ces piliers constituent l\u2019ADN de notre entreprise et nous permettent d\u2019accompagner nos clients durablement, avec exigence et confiance. Innovation : le moteur de notre d\u00e9veloppement L\u2019innovation est au c\u0153ur de la philosophie [&hellip;]\" \/>\n<meta property=\"og:url\" content=\"https:\/\/www.outils-oceans.com\/blog\/notre-entreprise\/valeurs\/\" \/>\n<meta property=\"og:site_name\" content=\"Outils Oc\u00e9ans\" \/>\n<meta property=\"article:modified_time\" content=\"2025-09-02T07:12:53+00:00\" \/>\n<meta property=\"og:image\" content=\"https:\/\/www.outils-oceans.com\/blog\/app\/uploads\/2025\/04\/3.couleuroo-1.png\" \/>\n\t<meta property=\"og:image:width\" content=\"67\" \/>\n\t<meta property=\"og:image:height\" content=\"89\" \/>\n\t<meta property=\"og:image:type\" content=\"image\/png\" \/>\n<meta name=\"twitter:card\" content=\"summary_large_image\" \/>\n<meta name=\"twitter:label1\" content=\"Dur\u00e9e de lecture estim\u00e9e\" \/>\n\t<meta name=\"twitter:data1\" content=\"4 minutes\" \/>\n<script type=\"application\/ld+json\" class=\"yoast-schema-graph\">{\"@context\":\"https:\/\/schema.org\",\"@graph\":[{\"@type\":\"WebPage\",\"@id\":\"https:\/\/www.outils-oceans.com\/blog\/notre-entreprise\/valeurs\/\",\"url\":\"https:\/\/www.outils-oceans.com\/blog\/notre-entreprise\/valeurs\/\",\"name\":\"Nos valeurs - Outils Oc\u00e9ans\",\"isPartOf\":{\"@id\":\"https:\/\/www.outils-oceans.com\/blog\/#website\"},\"primaryImageOfPage\":{\"@id\":\"https:\/\/www.outils-oceans.com\/blog\/notre-entreprise\/valeurs\/#primaryimage\"},\"image\":{\"@id\":\"https:\/\/www.outils-oceans.com\/blog\/notre-entreprise\/valeurs\/#primaryimage\"},\"thumbnailUrl\":\"https:\/\/www.outils-oceans.com\/blog\/app\/uploads\/2025\/04\/3.couleuroo-1.png\",\"datePublished\":\"2025-02-06T16:32:40+00:00\",\"dateModified\":\"2025-09-02T07:12:53+00:00\",\"breadcrumb\":{\"@id\":\"https:\/\/www.outils-oceans.com\/blog\/notre-entreprise\/valeurs\/#breadcrumb\"},\"inLanguage\":\"fr-FR\",\"potentialAction\":[{\"@type\":\"ReadAction\",\"target\":[\"https:\/\/www.outils-oceans.com\/blog\/notre-entreprise\/valeurs\/\"]}]},{\"@type\":\"ImageObject\",\"inLanguage\":\"fr-FR\",\"@id\":\"https:\/\/www.outils-oceans.com\/blog\/notre-entreprise\/valeurs\/#primaryimage\",\"url\":\"https:\/\/www.outils-oceans.com\/blog\/app\/uploads\/2025\/04\/3.couleuroo-1.png\",\"contentUrl\":\"https:\/\/www.outils-oceans.com\/blog\/app\/uploads\/2025\/04\/3.couleuroo-1.png\",\"width\":67,\"height\":89,\"caption\":\"3.couleuroo\"},{\"@type\":\"BreadcrumbList\",\"@id\":\"https:\/\/www.outils-oceans.com\/blog\/notre-entreprise\/valeurs\/#breadcrumb\",\"itemListElement\":[{\"@type\":\"ListItem\",\"position\":1,\"name\":\"Accueil\",\"item\":\"https:\/\/www.outils-oceans.com\/blog\/\"},{\"@type\":\"ListItem\",\"position\":2,\"name\":\"Notre entreprise\",\"item\":\"https:\/\/www.outils-oceans.com\/blog\/notre-entreprise\/\"},{\"@type\":\"ListItem\",\"position\":3,\"name\":\"Nos valeurs\"}]},{\"@type\":\"WebSite\",\"@id\":\"https:\/\/www.outils-oceans.com\/blog\/#website\",\"url\":\"https:\/\/www.outils-oceans.com\/blog\/\",\"name\":\"Outils Oc\u00e9ans\",\"description\":\"\",\"potentialAction\":[{\"@type\":\"SearchAction\",\"target\":{\"@type\":\"EntryPoint\",\"urlTemplate\":\"https:\/\/www.outils-oceans.com\/blog\/?s={search_term_string}\"},\"query-input\":{\"@type\":\"PropertyValueSpecification\",\"valueRequired\":true,\"valueName\":\"search_term_string\"}}],\"inLanguage\":\"fr-FR\"}]}<\/script>\n<!-- \/ Yoast SEO plugin. -->","yoast_head_json":{"title":"Nos valeurs - Outils Oc\u00e9ans","robots":{"index":"index","follow":"follow","max-snippet":"max-snippet:-1","max-image-preview":"max-image-preview:large","max-video-preview":"max-video-preview:-1"},"canonical":"https:\/\/www.outils-oceans.com\/blog\/notre-entreprise\/valeurs\/","og_locale":"fr_FR","og_type":"article","og_title":"Nos valeurs - Outils Oc\u00e9ans","og_description":"Nos valeurs Chez Outils Oc\u00e9ans, notre histoire, notre expertise et notre engagement se refl\u00e8tent dans les valeurs qui guident chacune de nos actions. Ces piliers constituent l\u2019ADN de notre entreprise et nous permettent d\u2019accompagner nos clients durablement, avec exigence et confiance. Innovation : le moteur de notre d\u00e9veloppement L\u2019innovation est au c\u0153ur de la philosophie [&hellip;]","og_url":"https:\/\/www.outils-oceans.com\/blog\/notre-entreprise\/valeurs\/","og_site_name":"Outils Oc\u00e9ans","article_modified_time":"2025-09-02T07:12:53+00:00","og_image":[{"width":67,"height":89,"url":"https:\/\/www.outils-oceans.com\/blog\/app\/uploads\/2025\/04\/3.couleuroo-1.png","type":"image\/png"}],"twitter_card":"summary_large_image","twitter_misc":{"Dur\u00e9e de lecture estim\u00e9e":"4 minutes"},"schema":{"@context":"https:\/\/schema.org","@graph":[{"@type":"WebPage","@id":"https:\/\/www.outils-oceans.com\/blog\/notre-entreprise\/valeurs\/","url":"https:\/\/www.outils-oceans.com\/blog\/notre-entreprise\/valeurs\/","name":"Nos valeurs - Outils Oc\u00e9ans","isPartOf":{"@id":"https:\/\/www.outils-oceans.com\/blog\/#website"},"primaryImageOfPage":{"@id":"https:\/\/www.outils-oceans.com\/blog\/notre-entreprise\/valeurs\/#primaryimage"},"image":{"@id":"https:\/\/www.outils-oceans.com\/blog\/notre-entreprise\/valeurs\/#primaryimage"},"thumbnailUrl":"https:\/\/www.outils-oceans.com\/blog\/app\/uploads\/2025\/04\/3.couleuroo-1.png","datePublished":"2025-02-06T16:32:40+00:00","dateModified":"2025-09-02T07:12:53+00:00","breadcrumb":{"@id":"https:\/\/www.outils-oceans.com\/blog\/notre-entreprise\/valeurs\/#breadcrumb"},"inLanguage":"fr-FR","potentialAction":[{"@type":"ReadAction","target":["https:\/\/www.outils-oceans.com\/blog\/notre-entreprise\/valeurs\/"]}]},{"@type":"ImageObject","inLanguage":"fr-FR","@id":"https:\/\/www.outils-oceans.com\/blog\/notre-entreprise\/valeurs\/#primaryimage","url":"https:\/\/www.outils-oceans.com\/blog\/app\/uploads\/2025\/04\/3.couleuroo-1.png","contentUrl":"https:\/\/www.outils-oceans.com\/blog\/app\/uploads\/2025\/04\/3.couleuroo-1.png","width":67,"height":89,"caption":"3.couleuroo"},{"@type":"BreadcrumbList","@id":"https:\/\/www.outils-oceans.com\/blog\/notre-entreprise\/valeurs\/#breadcrumb","itemListElement":[{"@type":"ListItem","position":1,"name":"Accueil","item":"https:\/\/www.outils-oceans.com\/blog\/"},{"@type":"ListItem","position":2,"name":"Notre entreprise","item":"https:\/\/www.outils-oceans.com\/blog\/notre-entreprise\/"},{"@type":"ListItem","position":3,"name":"Nos valeurs"}]},{"@type":"WebSite","@id":"https:\/\/www.outils-oceans.com\/blog\/#website","url":"https:\/\/www.outils-oceans.com\/blog\/","name":"Outils Oc\u00e9ans","description":"","potentialAction":[{"@type":"SearchAction","target":{"@type":"EntryPoint","urlTemplate":"https:\/\/www.outils-oceans.com\/blog\/?s={search_term_string}"},"query-input":{"@type":"PropertyValueSpecification","valueRequired":true,"valueName":"search_term_string"}}],"inLanguage":"fr-FR"}]}},"_links":{"self":[{"href":"https:\/\/www.outils-oceans.com\/blog\/wp-json\/wp\/v2\/pages\/486","targetHints":{"allow":["GET"]}}],"collection":[{"href":"https:\/\/www.outils-oceans.com\/blog\/wp-json\/wp\/v2\/pages"}],"about":[{"href":"https:\/\/www.outils-oceans.com\/blog\/wp-json\/wp\/v2\/types\/page"}],"author":[{"embeddable":true,"href":"https:\/\/www.outils-oceans.com\/blog\/wp-json\/wp\/v2\/users\/1"}],"replies":[{"embeddable":true,"href":"https:\/\/www.outils-oceans.com\/blog\/wp-json\/wp\/v2\/comments?post=486"}],"version-history":[{"count":24,"href":"https:\/\/www.outils-oceans.com\/blog\/wp-json\/wp\/v2\/pages\/486\/revisions"}],"predecessor-version":[{"id":4380,"href":"https:\/\/www.outils-oceans.com\/blog\/wp-json\/wp\/v2\/pages\/486\/revisions\/4380"}],"up":[{"embeddable":true,"href":"https:\/\/www.outils-oceans.com\/blog\/wp-json\/wp\/v2\/pages\/356"}],"wp:attachment":[{"href":"https:\/\/www.outils-oceans.com\/blog\/wp-json\/wp\/v2\/media?parent=486"}],"curies":[{"name":"wp","href":"https:\/\/api.w.org\/{rel}","templated":true}]}}